{"id":75818,"date":"2026-04-20T09:50:38","date_gmt":"2026-04-20T09:50:38","guid":{"rendered":"https:\/\/www.deporteseli.com\/?product=espinilleras-tiro-match"},"modified":"2026-04-20T09:50:42","modified_gmt":"2026-04-20T09:50:42","slug":"espinilleras-tiro-match","status":"publish","type":"product","link":"https:\/\/www.deporteseli.com\/?product=espinilleras-tiro-match","title":{"rendered":"ESPINILLERAS TIRO MATCH"},"content":{"rendered":"<p>BLINDA TUS PIERNAS  Tus piernas, tu tesoro. Prot\u00e9gelas de los rivales con estas espinilleras Tiro Match de adidas para j\u00f3venes promesas. Su dise\u00f1o combina una placa r\u00edgida con un refuerzo interior de EVA y una tobillera integrada para proporcionarte una excelente cobertura. El pr\u00e1ctico cierre autoadherente simplifica las cosas para que solo te concentres en ganar.  Exterior: 80% polipropileno \/ 20% polipropileno reciclado moldeado por inyecci\u00f3n  Refuerzo interior acolchado de EVA  Placa protectora r\u00edgida  Cierre autoadherente ajustable  Tobilleras integradas  Color del art\u00edculo: Royal Blue \/ Black  N\u00famero de art\u00edculo: IW8790                                                                                                                                                                                                                                                                                                                                                                                                                                                                                                                                                                                                                                                                                                                                                                                                                                                                                                                                                                                                                                        <\/p>\n","protected":false},"excerpt":{"rendered":"<p>ESPINILLERAS TIRO MATCH<\/p>\n","protected":false},"featured_media":0,"template":"","meta":[],"product_brand":[],"product_cat":[324],"product_tag":[18],"class_list":{"0":"post-75818","1":"product","2":"type-product","3":"status-publish","5":"product_cat-deportes_futbol_canilleras","6":"product_tag-adidas","7":"pa_color-unico","8":"pa_talla-l","9":"pa_talla-m","10":"pa_talla-s","11":"thunk-woo-product-list","12":"opn-qv-enable","13":"open-woo-hover-","14":"open-single-product-tab-horizontal","15":"open-shadow-","16":"open-shadow-hover-","18":"first","19":"instock","20":"shipping-taxable","21":"purchasable","22":"product-type-variable"},"jetpack_sharing_enabled":true,"_links":{"self":[{"href":"https:\/\/www.deporteseli.com\/index.php?rest_route=\/wp\/v2\/product\/75818","targetHints":{"allow":["GET"]}}],"collection":[{"href":"https:\/\/www.deporteseli.com\/index.php?rest_route=\/wp\/v2\/product"}],"about":[{"href":"https:\/\/www.deporteseli.com\/index.php?rest_route=\/wp\/v2\/types\/product"}],"wp:attachment":[{"href":"https:\/\/www.deporteseli.com\/index.php?rest_route=%2Fwp%2Fv2%2Fmedia&parent=75818"}],"wp:term":[{"taxonomy":"product_brand","embeddable":true,"href":"https:\/\/www.deporteseli.com\/index.php?rest_route=%2Fwp%2Fv2%2Fproduct_brand&post=75818"},{"taxonomy":"product_cat","embeddable":true,"href":"https:\/\/www.deporteseli.com\/index.php?rest_route=%2Fwp%2Fv2%2Fproduct_cat&post=75818"},{"taxonomy":"product_tag","embeddable":true,"href":"https:\/\/www.deporteseli.com\/index.php?rest_route=%2Fwp%2Fv2%2Fproduct_tag&post=75818"}],"curies":[{"name":"wp","href":"https:\/\/api.w.org\/{rel}","templated":true}]}}