{"id":75588,"date":"2026-04-17T12:35:03","date_gmt":"2026-04-17T12:35:03","guid":{"rendered":"https:\/\/www.deporteseli.com\/?product=bota-adidas-kj1425"},"modified":"2026-04-17T12:35:16","modified_gmt":"2026-04-17T12:35:16","slug":"bota-adidas-kj1425","status":"publish","type":"product","link":"https:\/\/www.deporteseli.com\/?product=bota-adidas-kj1425","title":{"rendered":"BOTA ADIDAS KJ1425"},"content":{"rendered":"<p>Zapatillas de f\u00fatbol sala con suela de goma que no deja marcas.  En el f\u00fatbol, ??tradici\u00f3n e innovaci\u00f3n van de la mano. Las zapatillas de f\u00fatbol sala COPA PURE IV CLUB est\u00e1n dise\u00f1adas para que tu hijo\/a tenga la confianza necesaria para rendir al m\u00e1ximo. Dise\u00f1adas para superficies interiores, estas zapatillas adidas ofrecen tracci\u00f3n gracias a su suela de goma que no deja marcas, para que tu hijo\/a se mueva con seguridad durante el juego o el entrenamiento. La parte superior sint\u00e9tica proporciona durabilidad y flexibilidad, adapt\u00e1ndose a la forma del pie para un ajuste perfecto. Con una leng\u00fceta flotante con cordones, estas zapatillas son f\u00e1ciles de calzar y ajustar, ofreciendo una sujeci\u00f3n segura. Inspiradas en el ic\u00f3nico logotipo adiPure, la marca COPA destaca por su presencia, convirtiendo estas zapatillas en una opci\u00f3n elegante para los j\u00f3venes aficionados al f\u00fatbol. Deja que tu hijo\/a disfrute del f\u00fatbol con adidas, donde el rendimiento se une al estilo.  Ajuste regular  Cordones  Parte superior sint\u00e9tica  Plantilla textil  Suela exterior de goma  Suela exterior de goma que no deja marcas, espec\u00edfica para interiores.  Logotipo de rendimiento  Leng\u00fceta flotante con cordones para facilitar la entrada y el ajuste.  Color del producto: Negro intenso \/ Carbono \/ Met\u00e1lico oscuro  C\u00f3digo de producto: KJ1425                                                                                                                                                                                                                                                                                                                                                                                                                                                                                                                                                                                                                                                                                                                                                                                                                                                                                                                                                                                                                                        <\/p>\n","protected":false},"excerpt":{"rendered":"<p>BOTA ADIDAS KJ1425<\/p>\n","protected":false},"featured_media":75603,"template":"","meta":[],"product_brand":[],"product_cat":[323],"product_tag":[18],"class_list":{"0":"post-75588","1":"product","2":"type-product","3":"status-publish","4":"has-post-thumbnail","6":"product_cat-deportes_futbol_botas_sala","7":"product_tag-adidas","8":"pa_color-unico","9":"pa_talla-125","10":"pa_talla-127","11":"pa_talla-129","12":"pa_talla-131","13":"pa_talla-133","14":"pa_talla-135","15":"pa_talla-137","16":"pa_talla-139","17":"pa_talla-35-5","18":"pa_talla-141","19":"pa_talla-36-5","20":"pa_talla-37-5","21":"pa_talla-145","22":"pa_talla-38-5","23":"thunk-woo-product-list","24":"opn-qv-enable","25":"open-woo-hover-","26":"open-single-product-tab-horizontal","27":"open-shadow-","28":"open-shadow-hover-","30":"first","31":"instock","32":"shipping-taxable","33":"purchasable","34":"product-type-variable"},"jetpack_sharing_enabled":true,"_links":{"self":[{"href":"https:\/\/www.deporteseli.com\/index.php?rest_route=\/wp\/v2\/product\/75588","targetHints":{"allow":["GET"]}}],"collection":[{"href":"https:\/\/www.deporteseli.com\/index.php?rest_route=\/wp\/v2\/product"}],"about":[{"href":"https:\/\/www.deporteseli.com\/index.php?rest_route=\/wp\/v2\/types\/product"}],"wp:featuredmedia":[{"embeddable":true,"href":"https:\/\/www.deporteseli.com\/index.php?rest_route=\/wp\/v2\/media\/75603"}],"wp:attachment":[{"href":"https:\/\/www.deporteseli.com\/index.php?rest_route=%2Fwp%2Fv2%2Fmedia&parent=75588"}],"wp:term":[{"taxonomy":"product_brand","embeddable":true,"href":"https:\/\/www.deporteseli.com\/index.php?rest_route=%2Fwp%2Fv2%2Fproduct_brand&post=75588"},{"taxonomy":"product_cat","embeddable":true,"href":"https:\/\/www.deporteseli.com\/index.php?rest_route=%2Fwp%2Fv2%2Fproduct_cat&post=75588"},{"taxonomy":"product_tag","embeddable":true,"href":"https:\/\/www.deporteseli.com\/index.php?rest_route=%2Fwp%2Fv2%2Fproduct_tag&post=75588"}],"curies":[{"name":"wp","href":"https:\/\/api.w.org\/{rel}","templated":true}]}}