{"id":75563,"date":"2026-04-17T08:21:57","date_gmt":"2026-04-17T08:21:57","guid":{"rendered":"https:\/\/www.deporteseli.com\/?product=gorra-adidas-ke0388"},"modified":"2026-04-17T08:22:00","modified_gmt":"2026-04-17T08:22:00","slug":"gorra-adidas-ke0388","status":"publish","type":"product","link":"https:\/\/www.deporteseli.com\/?product=gorra-adidas-ke0388","title":{"rendered":"GORRA ADIDAS KE0388"},"content":{"rendered":"<p>Una gorra de sarga de algod\u00f3n de lo m\u00e1s resistente.  No importa si van a jugar en el patio o en el parque, esta gorra infantil protege a tu peque del sol. El cierre con bot\u00f3n a presi\u00f3n en la parte trasera es ajustable, para adaptar la gorra seg\u00fan lo necesite. La suave sarga de algod\u00f3n proporciona tal comodidad que puede llevarla puesta todo el d\u00eda.  Talla \u00fanica  100 % algod\u00f3n  Cierre con bot\u00f3n a presi\u00f3n  Color del art\u00edculo: Powder Plum  N\u00famero de art\u00edculo: KE0388                                                                                                                                                                                                                                                                                                                                                                                                                                                                                                                                                                                                                                                                                                                                                                                                                                                                                                                                                                                                                                        <\/p>\n","protected":false},"excerpt":{"rendered":"<p>GORRA ADIDAS KE0388<\/p>\n","protected":false},"featured_media":75566,"template":"","meta":[],"product_brand":[],"product_cat":[399],"product_tag":[18],"class_list":{"0":"post-75563","1":"product","2":"type-product","3":"status-publish","4":"has-post-thumbnail","6":"product_cat-accesorios_gorras","7":"product_tag-adidas","8":"pa_color-unico","9":"pa_talla-m","10":"pa_talla-s","11":"thunk-woo-product-list","12":"opn-qv-enable","13":"open-woo-hover-","14":"open-single-product-tab-horizontal","15":"open-shadow-","16":"open-shadow-hover-","18":"first","19":"instock","20":"shipping-taxable","21":"purchasable","22":"product-type-variable"},"jetpack_sharing_enabled":true,"_links":{"self":[{"href":"https:\/\/www.deporteseli.com\/index.php?rest_route=\/wp\/v2\/product\/75563","targetHints":{"allow":["GET"]}}],"collection":[{"href":"https:\/\/www.deporteseli.com\/index.php?rest_route=\/wp\/v2\/product"}],"about":[{"href":"https:\/\/www.deporteseli.com\/index.php?rest_route=\/wp\/v2\/types\/product"}],"wp:featuredmedia":[{"embeddable":true,"href":"https:\/\/www.deporteseli.com\/index.php?rest_route=\/wp\/v2\/media\/75566"}],"wp:attachment":[{"href":"https:\/\/www.deporteseli.com\/index.php?rest_route=%2Fwp%2Fv2%2Fmedia&parent=75563"}],"wp:term":[{"taxonomy":"product_brand","embeddable":true,"href":"https:\/\/www.deporteseli.com\/index.php?rest_route=%2Fwp%2Fv2%2Fproduct_brand&post=75563"},{"taxonomy":"product_cat","embeddable":true,"href":"https:\/\/www.deporteseli.com\/index.php?rest_route=%2Fwp%2Fv2%2Fproduct_cat&post=75563"},{"taxonomy":"product_tag","embeddable":true,"href":"https:\/\/www.deporteseli.com\/index.php?rest_route=%2Fwp%2Fv2%2Fproduct_tag&post=75563"}],"curies":[{"name":"wp","href":"https:\/\/api.w.org\/{rel}","templated":true}]}}