{"id":75559,"date":"2026-04-17T08:21:40","date_gmt":"2026-04-17T08:21:40","guid":{"rendered":"https:\/\/www.deporteseli.com\/?product=mochila-adidas-ke0140"},"modified":"2026-04-17T08:21:42","modified_gmt":"2026-04-17T08:21:42","slug":"mochila-adidas-ke0140","status":"publish","type":"product","link":"https:\/\/www.deporteseli.com\/?product=mochila-adidas-ke0140","title":{"rendered":"MOCHILA ADIDAS KE0140"},"content":{"rendered":"<p>Una mochila y estuche para l\u00e1pices vers\u00e1til, fabricado en parte con materiales reciclados.  Prep\u00e1rate para estudiar con este d\u00fao de mochila y estuche adidas. Esta mochila ligera pero resistente tiene espacio para tus cuadernos, botella de agua y otros art\u00edculos esenciales del d\u00eda a d\u00eda. El estuche independiente con cremallera mantiene tus bol\u00edgrafos y l\u00e1pices organizados. Las correas para los hombros son ajustables para mayor comodidad, sin importar a d\u00f3nde te lleve el d\u00eda. Este producto est\u00e1 fabricado con al menos un 50 % de materiales reciclados. Al reutilizar materiales ya creados, contribuimos a reducir los residuos y nuestra dependencia de los recursos finitos, adem\u00e1s de disminuir el impacto ambiental de los productos que fabricamos.  Dimensiones: 15 cm x 31 cm x 44 cm  Volumen: 23,25 L  100% poli\u00e9ster (reciclado)  Bolsillo frontal con cremallera  Bolsillo lateral de malla  Correas de hombro ajustables  Estuche para l\u00e1pices con cremallera independiente  Color: Azul oscuro \/ Blanco  C\u00f3digo de producto: KE0140                                                                                                                                                                                                                                                                                                                                                                                                                                                                                                                                                                                                                                                                                                                                                                                                                                                                                                                                                                                                                                        <\/p>\n","protected":false},"excerpt":{"rendered":"<p>MOCHILA ADIDAS KE0140<\/p>\n","protected":false},"featured_media":75561,"template":"","meta":[],"product_brand":[],"product_cat":[401],"product_tag":[18],"class_list":{"0":"post-75559","1":"product","2":"type-product","3":"status-publish","4":"has-post-thumbnail","6":"product_cat-accesorios_mochilas","7":"product_tag-adidas","8":"pa_color-unico","9":"pa_talla-unica","10":"thunk-woo-product-list","11":"opn-qv-enable","12":"open-woo-hover-","13":"open-single-product-tab-horizontal","14":"open-shadow-","15":"open-shadow-hover-","17":"first","18":"instock","19":"shipping-taxable","20":"purchasable","21":"product-type-variable"},"jetpack_sharing_enabled":true,"_links":{"self":[{"href":"https:\/\/www.deporteseli.com\/index.php?rest_route=\/wp\/v2\/product\/75559","targetHints":{"allow":["GET"]}}],"collection":[{"href":"https:\/\/www.deporteseli.com\/index.php?rest_route=\/wp\/v2\/product"}],"about":[{"href":"https:\/\/www.deporteseli.com\/index.php?rest_route=\/wp\/v2\/types\/product"}],"wp:featuredmedia":[{"embeddable":true,"href":"https:\/\/www.deporteseli.com\/index.php?rest_route=\/wp\/v2\/media\/75561"}],"wp:attachment":[{"href":"https:\/\/www.deporteseli.com\/index.php?rest_route=%2Fwp%2Fv2%2Fmedia&parent=75559"}],"wp:term":[{"taxonomy":"product_brand","embeddable":true,"href":"https:\/\/www.deporteseli.com\/index.php?rest_route=%2Fwp%2Fv2%2Fproduct_brand&post=75559"},{"taxonomy":"product_cat","embeddable":true,"href":"https:\/\/www.deporteseli.com\/index.php?rest_route=%2Fwp%2Fv2%2Fproduct_cat&post=75559"},{"taxonomy":"product_tag","embeddable":true,"href":"https:\/\/www.deporteseli.com\/index.php?rest_route=%2Fwp%2Fv2%2Fproduct_tag&post=75559"}],"curies":[{"name":"wp","href":"https:\/\/api.w.org\/{rel}","templated":true}]}}