{"id":75549,"date":"2026-04-17T08:21:14","date_gmt":"2026-04-17T08:21:14","guid":{"rendered":"https:\/\/www.deporteseli.com\/?product=chandal-adidas-kc6152"},"modified":"2026-04-17T08:21:19","modified_gmt":"2026-04-17T08:21:19","slug":"chandal-adidas-kc6152","status":"publish","type":"product","link":"https:\/\/www.deporteseli.com\/?product=chandal-adidas-kc6152","title":{"rendered":"CHANDAL ADIDAS KC6152"},"content":{"rendered":"<p>Confort y estilo con el sello de adidas  Este conjunto es perfecto para que tu peque juegue, gatee y duerma la siesta con total comodidad. Se ha confeccionado en un suave tejido de felpa que es una caricia para su delicada piel y cuenta con pu\u00f1os de canal\u00e9 que mantienen el pantal\u00f3n en su sitio. Las cl\u00e1sicas 3 bandas a lo largo de las perneras le aportan un toque deportivo.    Al elegir materiales reciclados, podemos dar nueva vida a materiales que ya se han utilizado, lo que contribuye a reducir los residuos. La utilizaci\u00f3n de materiales renovables nos ayuda a acabar con nuestra dependencia de los recursos finitos. Nuestros productos fabricados con materiales reciclados y renovables contienen al menos un 70% de estos materiales.  Corte cl\u00e1sico  Sudadera: cuello redondo  70% algod\u00f3n \/ 30% poli\u00e9ster (reciclado)  Pantal\u00f3n: cintura el\u00e1stica  Contiene al menos un 70% de material reciclado y renovable  Color del art\u00edculo: Ice Lavender \/ White  N\u00famero de art\u00edculo: KC6152                                                                                                                                                                                                                                                                                                                                                                                                                                                                                                                                                                                                                                                                                                                                                                                                                                                                                                                                                                                                                                        <\/p>\n","protected":false},"excerpt":{"rendered":"<p>CHANDAL ADIDAS KC6152<\/p>\n","protected":false},"featured_media":75555,"template":"","meta":[],"product_brand":[],"product_cat":[380],"product_tag":[18],"class_list":{"0":"post-75549","1":"product","2":"type-product","3":"status-publish","4":"has-post-thumbnail","6":"product_cat-ninas_textil_chandals","7":"product_tag-adidas","8":"pa_color-unico","9":"pa_talla-12-meses","10":"pa_talla-18-meses","11":"pa_talla-103","12":"pa_talla-167","13":"pa_talla-168","14":"thunk-woo-product-list","15":"opn-qv-enable","16":"open-woo-hover-","17":"open-single-product-tab-horizontal","18":"open-shadow-","19":"open-shadow-hover-","21":"first","22":"instock","23":"shipping-taxable","24":"purchasable","25":"product-type-variable"},"jetpack_sharing_enabled":true,"_links":{"self":[{"href":"https:\/\/www.deporteseli.com\/index.php?rest_route=\/wp\/v2\/product\/75549","targetHints":{"allow":["GET"]}}],"collection":[{"href":"https:\/\/www.deporteseli.com\/index.php?rest_route=\/wp\/v2\/product"}],"about":[{"href":"https:\/\/www.deporteseli.com\/index.php?rest_route=\/wp\/v2\/types\/product"}],"wp:featuredmedia":[{"embeddable":true,"href":"https:\/\/www.deporteseli.com\/index.php?rest_route=\/wp\/v2\/media\/75555"}],"wp:attachment":[{"href":"https:\/\/www.deporteseli.com\/index.php?rest_route=%2Fwp%2Fv2%2Fmedia&parent=75549"}],"wp:term":[{"taxonomy":"product_brand","embeddable":true,"href":"https:\/\/www.deporteseli.com\/index.php?rest_route=%2Fwp%2Fv2%2Fproduct_brand&post=75549"},{"taxonomy":"product_cat","embeddable":true,"href":"https:\/\/www.deporteseli.com\/index.php?rest_route=%2Fwp%2Fv2%2Fproduct_cat&post=75549"},{"taxonomy":"product_tag","embeddable":true,"href":"https:\/\/www.deporteseli.com\/index.php?rest_route=%2Fwp%2Fv2%2Fproduct_tag&post=75549"}],"curies":[{"name":"wp","href":"https:\/\/api.w.org\/{rel}","templated":true}]}}