{"id":75537,"date":"2026-04-17T08:20:45","date_gmt":"2026-04-17T08:20:45","guid":{"rendered":"https:\/\/www.deporteseli.com\/?product=tenis-adidas-ih8223"},"modified":"2026-04-17T08:20:51","modified_gmt":"2026-04-17T08:20:51","slug":"tenis-adidas-ih8223","status":"publish","type":"product","link":"https:\/\/www.deporteseli.com\/?product=tenis-adidas-ih8223","title":{"rendered":"TENIS ADIDAS IH8223"},"content":{"rendered":"<p>Zapatillas ligeras para correr y entrenar.  Comienza tu aventura en el running con facilidad y sigue adelante. Desde tu primer paso hasta tu primera carrera de 10 km, estas zapatillas adidas te ayudan a entrenar con comodidad. La parte superior de malla t\u00e9cnica y el tal\u00f3n acolchado brindan una sensaci\u00f3n suave y de sujeci\u00f3n, y la mediasuela LIGHTMOTION a\u00f1ade una amortiguaci\u00f3n ligera y estable en cada zancada.  Ajuste regular  Cierre de encaje  Parte superior de malla textil y sint\u00e9tica  Forro sint\u00e9tico y textil  Amortiguaci\u00f3n LIGHTMOTION  Suela exterior Adiwear  Peso: 8,7 onzas (talla 7)  Ca\u00edda de la entresuela: 8 mm (tal\u00f3n 31 mm \/ antepi\u00e9 23 mm)  Importado  Color del producto: Blanco nube \/ Negro n\u00facleo \/ Gris dash  C\u00f3digo de producto: IH8223                                                                                                                                                                                                                                                                                                                                                                                                                                                                                                                                                                                                                                                                                                                                                                                                                                                                                                                                                                                                                                        <\/p>\n","protected":false},"excerpt":{"rendered":"<p>TENIS ADIDAS IH8223<\/p>\n","protected":false},"featured_media":75544,"template":"","meta":[],"product_brand":[],"product_cat":[285],"product_tag":[18],"class_list":{"0":"post-75537","1":"product","2":"type-product","3":"status-publish","4":"has-post-thumbnail","6":"product_cat-mujer_calzado_running","7":"product_tag-adidas","8":"pa_color-unico","9":"pa_talla-36-5","10":"pa_talla-145","11":"pa_talla-38-5","12":"pa_talla-39-5","13":"pa_talla-40-5","14":"pa_talla-41-5","15":"thunk-woo-product-list","16":"opn-qv-enable","17":"open-woo-hover-","18":"open-single-product-tab-horizontal","19":"open-shadow-","20":"open-shadow-hover-","22":"first","23":"instock","24":"shipping-taxable","25":"purchasable","26":"product-type-variable"},"jetpack_sharing_enabled":true,"_links":{"self":[{"href":"https:\/\/www.deporteseli.com\/index.php?rest_route=\/wp\/v2\/product\/75537","targetHints":{"allow":["GET"]}}],"collection":[{"href":"https:\/\/www.deporteseli.com\/index.php?rest_route=\/wp\/v2\/product"}],"about":[{"href":"https:\/\/www.deporteseli.com\/index.php?rest_route=\/wp\/v2\/types\/product"}],"wp:featuredmedia":[{"embeddable":true,"href":"https:\/\/www.deporteseli.com\/index.php?rest_route=\/wp\/v2\/media\/75544"}],"wp:attachment":[{"href":"https:\/\/www.deporteseli.com\/index.php?rest_route=%2Fwp%2Fv2%2Fmedia&parent=75537"}],"wp:term":[{"taxonomy":"product_brand","embeddable":true,"href":"https:\/\/www.deporteseli.com\/index.php?rest_route=%2Fwp%2Fv2%2Fproduct_brand&post=75537"},{"taxonomy":"product_cat","embeddable":true,"href":"https:\/\/www.deporteseli.com\/index.php?rest_route=%2Fwp%2Fv2%2Fproduct_cat&post=75537"},{"taxonomy":"product_tag","embeddable":true,"href":"https:\/\/www.deporteseli.com\/index.php?rest_route=%2Fwp%2Fv2%2Fproduct_tag&post=75537"}],"curies":[{"name":"wp","href":"https:\/\/api.w.org\/{rel}","templated":true}]}}