{"id":75522,"date":"2026-04-16T11:27:38","date_gmt":"2026-04-16T11:27:38","guid":{"rendered":"https:\/\/www.deporteseli.com\/?product=short-adidas-kd4889"},"modified":"2026-04-16T11:27:44","modified_gmt":"2026-04-16T11:27:44","slug":"short-adidas-kd4889","status":"publish","type":"product","link":"https:\/\/www.deporteseli.com\/?product=short-adidas-kd4889","title":{"rendered":"SHORT ADIDAS KD4889"},"content":{"rendered":"<p>Esencial e imprescindible  Este pantal\u00f3n corto adidas combina un dise\u00f1o elegante con un estilo actual. Tanto si sales a la calle como si te relajas en casa, su tejido t\u00e9cnico suave te envuelve en comodidad durante todo el d\u00eda. Las 3 bandas en los laterales le aportan el toque deportivo definitivo.    Este producto se ha fabricado con un 100% de materiales reciclados. Utilizando materiales reciclados, reducimos los residuos, nuestra dependencia de los recursos finitos y la huella que generan los productos que fabricamos.  Corte cl\u00e1sico  Cintura el\u00e1stica con cord\u00f3n  100% poli\u00e9ster (reciclado)  Bolsillos frontales  Forro de malla  Color del art\u00edculo: Wonder Cargo \/ Black  N\u00famero de art\u00edculo: KD4889                                                                                                                                                                                                                                                                                                                                                                                                                                                                                                                                                                                                                                                                                                                                                                                                                                                                                                                                                                                                                                        <\/p>\n","protected":false},"excerpt":{"rendered":"<p>SHORT ADIDAS KD4889<\/p>\n","protected":false},"featured_media":75528,"template":"","meta":[],"product_brand":[],"product_cat":[250],"product_tag":[18],"class_list":{"0":"post-75522","1":"product","2":"type-product","3":"status-publish","4":"has-post-thumbnail","6":"product_cat-hombre_textil_bermudas","7":"product_tag-adidas","8":"pa_color-unico","9":"pa_talla-l","10":"pa_talla-m","11":"pa_talla-s","12":"pa_talla-xl","13":"pa_talla-xxl","14":"thunk-woo-product-list","15":"opn-qv-enable","16":"open-woo-hover-","17":"open-single-product-tab-horizontal","18":"open-shadow-","19":"open-shadow-hover-","21":"first","22":"instock","23":"shipping-taxable","24":"purchasable","25":"product-type-variable"},"jetpack_sharing_enabled":true,"_links":{"self":[{"href":"https:\/\/www.deporteseli.com\/index.php?rest_route=\/wp\/v2\/product\/75522","targetHints":{"allow":["GET"]}}],"collection":[{"href":"https:\/\/www.deporteseli.com\/index.php?rest_route=\/wp\/v2\/product"}],"about":[{"href":"https:\/\/www.deporteseli.com\/index.php?rest_route=\/wp\/v2\/types\/product"}],"wp:featuredmedia":[{"embeddable":true,"href":"https:\/\/www.deporteseli.com\/index.php?rest_route=\/wp\/v2\/media\/75528"}],"wp:attachment":[{"href":"https:\/\/www.deporteseli.com\/index.php?rest_route=%2Fwp%2Fv2%2Fmedia&parent=75522"}],"wp:term":[{"taxonomy":"product_brand","embeddable":true,"href":"https:\/\/www.deporteseli.com\/index.php?rest_route=%2Fwp%2Fv2%2Fproduct_brand&post=75522"},{"taxonomy":"product_cat","embeddable":true,"href":"https:\/\/www.deporteseli.com\/index.php?rest_route=%2Fwp%2Fv2%2Fproduct_cat&post=75522"},{"taxonomy":"product_tag","embeddable":true,"href":"https:\/\/www.deporteseli.com\/index.php?rest_route=%2Fwp%2Fv2%2Fproduct_tag&post=75522"}],"curies":[{"name":"wp","href":"https:\/\/api.w.org\/{rel}","templated":true}]}}