{"id":75514,"date":"2026-04-16T11:27:15","date_gmt":"2026-04-16T11:27:15","guid":{"rendered":"https:\/\/www.deporteseli.com\/?product=camisa-adidas-kc0888"},"modified":"2026-04-16T11:27:19","modified_gmt":"2026-04-16T11:27:19","slug":"camisa-adidas-kc0888","status":"publish","type":"product","link":"https:\/\/www.deporteseli.com\/?product=camisa-adidas-kc0888","title":{"rendered":"CAMISA ADIDAS KC0888"},"content":{"rendered":"<p>Sean cuales sean tus planes, esta camiseta adidas te brinda comodidad y estilo a partes iguales. Se ha confeccionado en un suave tejido de punto y luce las emblem\u00e1ticas 3 bandas en los costados y el logotipo de adidas bordado en la parte frontal, reflejando tu lado m\u00e1s deportivo. Ya sea combin\u00e1ndola con unos vaqueros, un pantal\u00f3n de felpa o un pantal\u00f3n cargo, siempre acertar\u00e1s.                                                                                                                                                                                                                                                                                                                                                                                                                                                                                                                                                                                                                                                                                                                                                                                                                                                                                                                                                                                                                                        <\/p>\n","protected":false},"excerpt":{"rendered":"<p>CAMISA ADIDAS KC0888<\/p>\n","protected":false},"featured_media":75519,"template":"","meta":[],"product_brand":[],"product_cat":[245],"product_tag":[18],"class_list":{"0":"post-75514","1":"product","2":"type-product","3":"status-publish","4":"has-post-thumbnail","6":"product_cat-hombre_textil_camisetas","7":"product_tag-adidas","8":"pa_color-unico","9":"pa_talla-l","10":"pa_talla-m","11":"pa_talla-s","12":"pa_talla-xl","13":"thunk-woo-product-list","14":"opn-qv-enable","15":"open-woo-hover-","16":"open-single-product-tab-horizontal","17":"open-shadow-","18":"open-shadow-hover-","20":"first","21":"instock","22":"shipping-taxable","23":"purchasable","24":"product-type-variable"},"jetpack_sharing_enabled":true,"_links":{"self":[{"href":"https:\/\/www.deporteseli.com\/index.php?rest_route=\/wp\/v2\/product\/75514","targetHints":{"allow":["GET"]}}],"collection":[{"href":"https:\/\/www.deporteseli.com\/index.php?rest_route=\/wp\/v2\/product"}],"about":[{"href":"https:\/\/www.deporteseli.com\/index.php?rest_route=\/wp\/v2\/types\/product"}],"wp:featuredmedia":[{"embeddable":true,"href":"https:\/\/www.deporteseli.com\/index.php?rest_route=\/wp\/v2\/media\/75519"}],"wp:attachment":[{"href":"https:\/\/www.deporteseli.com\/index.php?rest_route=%2Fwp%2Fv2%2Fmedia&parent=75514"}],"wp:term":[{"taxonomy":"product_brand","embeddable":true,"href":"https:\/\/www.deporteseli.com\/index.php?rest_route=%2Fwp%2Fv2%2Fproduct_brand&post=75514"},{"taxonomy":"product_cat","embeddable":true,"href":"https:\/\/www.deporteseli.com\/index.php?rest_route=%2Fwp%2Fv2%2Fproduct_cat&post=75514"},{"taxonomy":"product_tag","embeddable":true,"href":"https:\/\/www.deporteseli.com\/index.php?rest_route=%2Fwp%2Fv2%2Fproduct_tag&post=75514"}],"curies":[{"name":"wp","href":"https:\/\/api.w.org\/{rel}","templated":true}]}}