{"id":75506,"date":"2026-04-16T11:26:53","date_gmt":"2026-04-16T11:26:53","guid":{"rendered":"https:\/\/www.deporteseli.com\/?product=short-adidas-ka4923"},"modified":"2026-04-16T11:26:58","modified_gmt":"2026-04-16T11:26:58","slug":"short-adidas-ka4923","status":"publish","type":"product","link":"https:\/\/www.deporteseli.com\/?product=short-adidas-ka4923","title":{"rendered":"SHORT ADIDAS KA4923"},"content":{"rendered":"<p>Ba\u00f1ador vers\u00e1til de estilo deportivo.  Si tienes planeado relajarte junto a la piscina o ir de paseo por la playa, este ba\u00f1ador adidas garantiza la comodidad. Se ha confeccionado con un tejido ligero que se seca r\u00e1pidamente al salir del agua. El logotipo de las 3 bandas de adidas aporta un detalle deportivo.  Corte cl\u00e1sico  Cintura el\u00e1stica  100% poli\u00e9ster (reciclado)  Color del art\u00edculo: Lucid Red \/ White  N\u00famero de art\u00edculo: KA4923                                                                                                                                                                                                                                                                                                                                                                                                                                                                                                                                                                                                                                                                                                                                                                                                                                                                                                                                                                                                                                        <\/p>\n","protected":false},"excerpt":{"rendered":"<p>SHORT ADIDAS KA4923<\/p>\n","protected":false},"featured_media":75511,"template":"","meta":[],"product_brand":[],"product_cat":[246],"product_tag":[18],"class_list":{"0":"post-75506","1":"product","2":"type-product","3":"status-publish","4":"has-post-thumbnail","6":"product_cat-hombre_textil_banadores","7":"product_tag-adidas","8":"pa_color-unico","9":"pa_talla-l","10":"pa_talla-m","11":"pa_talla-s","12":"pa_talla-xl","13":"thunk-woo-product-list","14":"opn-qv-enable","15":"open-woo-hover-","16":"open-single-product-tab-horizontal","17":"open-shadow-","18":"open-shadow-hover-","20":"first","21":"instock","22":"shipping-taxable","23":"purchasable","24":"product-type-variable"},"jetpack_sharing_enabled":true,"_links":{"self":[{"href":"https:\/\/www.deporteseli.com\/index.php?rest_route=\/wp\/v2\/product\/75506","targetHints":{"allow":["GET"]}}],"collection":[{"href":"https:\/\/www.deporteseli.com\/index.php?rest_route=\/wp\/v2\/product"}],"about":[{"href":"https:\/\/www.deporteseli.com\/index.php?rest_route=\/wp\/v2\/types\/product"}],"wp:featuredmedia":[{"embeddable":true,"href":"https:\/\/www.deporteseli.com\/index.php?rest_route=\/wp\/v2\/media\/75511"}],"wp:attachment":[{"href":"https:\/\/www.deporteseli.com\/index.php?rest_route=%2Fwp%2Fv2%2Fmedia&parent=75506"}],"wp:term":[{"taxonomy":"product_brand","embeddable":true,"href":"https:\/\/www.deporteseli.com\/index.php?rest_route=%2Fwp%2Fv2%2Fproduct_brand&post=75506"},{"taxonomy":"product_cat","embeddable":true,"href":"https:\/\/www.deporteseli.com\/index.php?rest_route=%2Fwp%2Fv2%2Fproduct_cat&post=75506"},{"taxonomy":"product_tag","embeddable":true,"href":"https:\/\/www.deporteseli.com\/index.php?rest_route=%2Fwp%2Fv2%2Fproduct_tag&post=75506"}],"curies":[{"name":"wp","href":"https:\/\/api.w.org\/{rel}","templated":true}]}}