{"id":75498,"date":"2026-04-16T11:26:32","date_gmt":"2026-04-16T11:26:32","guid":{"rendered":"https:\/\/www.deporteseli.com\/?product=short-adidas-jz0152"},"modified":"2026-04-16T11:26:36","modified_gmt":"2026-04-16T11:26:36","slug":"short-adidas-jz0152","status":"publish","type":"product","link":"https:\/\/www.deporteseli.com\/?product=short-adidas-jz0152","title":{"rendered":"SHORT ADIDAS JZ0152"},"content":{"rendered":"<p>Experimenta un estilo sin esfuerzo con nuestro pantal\u00f3n corto con estampado de camuflaje, donde el atractivo atemporal del estampado de camuflaje se une a la comodidad moderna. Tanto si sales a dar un paseo informal como si te re\u00fanes con amigos, estos vers\u00e1tiles pantalones cortos son una incorporaci\u00f3n ideal a tu armario.  Confeccionados en ligero tejido de rizo franc\u00e9s, ofrecen un tacto suave y c\u00f3modo. El corte cl\u00e1sico proporciona un ajuste equilibrado, ni demasiado holgado ni demasiado ajustado, con cintura de tiro medio y cord\u00f3n que permite regularlo f\u00e1cilmente. Los llamativos paneles de camuflaje se complementan con el discreto logotipo Badge of Sport de adidas, que aporta un toque deportivo.  Adopta el esp\u00edritu adidas de optimismo rebelde con estos pantalones cortos y comb\u00ednalos con una camiseta sencilla o con tu chaqueta favorita. M\u00e1s que una prenda, son una declaraci\u00f3n de estilo de vida que refleja tu personalidad y actitud.                                                                                                                                                                                                                                                                                                                                                                                                                                                                                                                                                                                                                                                                                                                                                                                                                                                                                                                                                                                                                                        <\/p>\n","protected":false},"excerpt":{"rendered":"<p>SHORT ADIDAS JZ0152<\/p>\n","protected":false},"featured_media":75503,"template":"","meta":[],"product_brand":[],"product_cat":[250],"product_tag":[18],"class_list":{"0":"post-75498","1":"product","2":"type-product","3":"status-publish","4":"has-post-thumbnail","6":"product_cat-hombre_textil_bermudas","7":"product_tag-adidas","8":"pa_color-unico","9":"pa_talla-l","10":"pa_talla-m","11":"pa_talla-s","12":"pa_talla-xl","13":"thunk-woo-product-list","14":"opn-qv-enable","15":"open-woo-hover-","16":"open-single-product-tab-horizontal","17":"open-shadow-","18":"open-shadow-hover-","20":"first","21":"instock","22":"shipping-taxable","23":"purchasable","24":"product-type-variable"},"jetpack_sharing_enabled":true,"_links":{"self":[{"href":"https:\/\/www.deporteseli.com\/index.php?rest_route=\/wp\/v2\/product\/75498","targetHints":{"allow":["GET"]}}],"collection":[{"href":"https:\/\/www.deporteseli.com\/index.php?rest_route=\/wp\/v2\/product"}],"about":[{"href":"https:\/\/www.deporteseli.com\/index.php?rest_route=\/wp\/v2\/types\/product"}],"wp:featuredmedia":[{"embeddable":true,"href":"https:\/\/www.deporteseli.com\/index.php?rest_route=\/wp\/v2\/media\/75503"}],"wp:attachment":[{"href":"https:\/\/www.deporteseli.com\/index.php?rest_route=%2Fwp%2Fv2%2Fmedia&parent=75498"}],"wp:term":[{"taxonomy":"product_brand","embeddable":true,"href":"https:\/\/www.deporteseli.com\/index.php?rest_route=%2Fwp%2Fv2%2Fproduct_brand&post=75498"},{"taxonomy":"product_cat","embeddable":true,"href":"https:\/\/www.deporteseli.com\/index.php?rest_route=%2Fwp%2Fv2%2Fproduct_cat&post=75498"},{"taxonomy":"product_tag","embeddable":true,"href":"https:\/\/www.deporteseli.com\/index.php?rest_route=%2Fwp%2Fv2%2Fproduct_tag&post=75498"}],"curies":[{"name":"wp","href":"https:\/\/api.w.org\/{rel}","templated":true}]}}