{"id":75489,"date":"2026-04-16T11:26:02","date_gmt":"2026-04-16T11:26:02","guid":{"rendered":"https:\/\/www.deporteseli.com\/?product=short-adidas-jw1910"},"modified":"2026-04-16T11:26:07","modified_gmt":"2026-04-16T11:26:07","slug":"short-adidas-jw1910","status":"publish","type":"product","link":"https:\/\/www.deporteseli.com\/?product=short-adidas-jw1910","title":{"rendered":"SHORT ADIDAS JW1910"},"content":{"rendered":"<p>Esencial e imprescindible  Este pantal\u00f3n corto adidas combina un dise\u00f1o elegante con un estilo actual. Tanto si sales a la calle como si te relajas en casa, su tejido t\u00e9cnico suave te envuelve en comodidad durante todo el d\u00eda. Las 3 bandas en los laterales le aportan el toque deportivo definitivo.    Este producto se ha fabricado con un 100% de materiales reciclados. Utilizando materiales reciclados, reducimos los residuos, nuestra dependencia de los recursos finitos y la huella que generan los productos que fabricamos.  Corte cl\u00e1sico  Cintura el\u00e1stica con cord\u00f3n  100% poli\u00e9ster (reciclado)  Bolsillos frontales  Forro de malla  Color del art\u00edculo: Collegiate Green \/ Black  N\u00famero de art\u00edculo: JW1910                                                                                                                                                                                                                                                                                                                                                                                                                                                                                                                                                                                                                                                                                                                                                                                                                                                                                                                                                                                                                                        <\/p>\n","protected":false},"excerpt":{"rendered":"<p>SHORT ADIDAS JW1910<\/p>\n","protected":false},"featured_media":75494,"template":"","meta":[],"product_brand":[],"product_cat":[251],"product_tag":[18],"class_list":{"0":"post-75489","1":"product","2":"type-product","3":"status-publish","4":"has-post-thumbnail","6":"product_cat-hombre_textil_shorts","7":"product_tag-adidas","8":"pa_color-unico","9":"pa_talla-l","10":"pa_talla-m","11":"pa_talla-s","12":"pa_talla-xl","13":"thunk-woo-product-list","14":"opn-qv-enable","15":"open-woo-hover-","16":"open-single-product-tab-horizontal","17":"open-shadow-","18":"open-shadow-hover-","20":"first","21":"instock","22":"shipping-taxable","23":"purchasable","24":"product-type-variable"},"jetpack_sharing_enabled":true,"_links":{"self":[{"href":"https:\/\/www.deporteseli.com\/index.php?rest_route=\/wp\/v2\/product\/75489","targetHints":{"allow":["GET"]}}],"collection":[{"href":"https:\/\/www.deporteseli.com\/index.php?rest_route=\/wp\/v2\/product"}],"about":[{"href":"https:\/\/www.deporteseli.com\/index.php?rest_route=\/wp\/v2\/types\/product"}],"wp:featuredmedia":[{"embeddable":true,"href":"https:\/\/www.deporteseli.com\/index.php?rest_route=\/wp\/v2\/media\/75494"}],"wp:attachment":[{"href":"https:\/\/www.deporteseli.com\/index.php?rest_route=%2Fwp%2Fv2%2Fmedia&parent=75489"}],"wp:term":[{"taxonomy":"product_brand","embeddable":true,"href":"https:\/\/www.deporteseli.com\/index.php?rest_route=%2Fwp%2Fv2%2Fproduct_brand&post=75489"},{"taxonomy":"product_cat","embeddable":true,"href":"https:\/\/www.deporteseli.com\/index.php?rest_route=%2Fwp%2Fv2%2Fproduct_cat&post=75489"},{"taxonomy":"product_tag","embeddable":true,"href":"https:\/\/www.deporteseli.com\/index.php?rest_route=%2Fwp%2Fv2%2Fproduct_tag&post=75489"}],"curies":[{"name":"wp","href":"https:\/\/api.w.org\/{rel}","templated":true}]}}