{"id":75413,"date":"2026-04-15T11:01:20","date_gmt":"2026-04-15T11:01:20","guid":{"rendered":"https:\/\/www.deporteseli.com\/?product=tenis-adidas-jr4510-adizero-ubersonic-5"},"modified":"2026-04-15T11:01:29","modified_gmt":"2026-04-15T11:01:29","slug":"tenis-adidas-jr4510-adizero-ubersonic-5","status":"publish","type":"product","link":"https:\/\/www.deporteseli.com\/?product=tenis-adidas-jr4510-adizero-ubersonic-5","title":{"rendered":"TENIS ADIDAS JR4510 ADIZERO UBERSONIC 5"},"content":{"rendered":"<p>M\u00edralos impulsar su juego en la cancha con estos tenis Ubersonic para ni\u00f1os de adidas. Imitando el dise\u00f1o del elite Adizero Ubersonic 5, la parte superior de textil ligero est\u00e1 dise\u00f1ada para movimientos r\u00e1pidos, permitiendo a los j\u00f3venes jugadores desbloquear su agilidad. Debajo, una suela Adiwear ofrece m\u00e1xima durabilidad para un juego prolongado. Este producto cuenta con al menos un 20% de materiales reciclados. Al reutilizar materiales que ya se han creado, ayudamos a reducir los desechos, nuestra dependencia de recursos finitos y la huella de los productos que fabricamos.                                                                                                                                                                                                                                                                                                                                                                                                                                                                                                                                                                                                                                                                                                                                                                                                                                                                                                                                                                                                                                        <\/p>\n","protected":false},"excerpt":{"rendered":"<p>TENIS ADIDAS JR4510 ADIZERO UBERSONIC 5<\/p>\n","protected":false},"featured_media":75422,"template":"","meta":[],"product_brand":[],"product_cat":[371],"product_tag":[18],"class_list":{"0":"post-75413","1":"product","2":"type-product","3":"status-publish","4":"has-post-thumbnail","6":"product_cat-padel_y_tenis_calzado","7":"product_tag-adidas","8":"pa_color-unico","9":"pa_talla-135","10":"pa_talla-137","11":"pa_talla-139","12":"pa_talla-35-5","13":"pa_talla-36-5","14":"pa_talla-37-5","15":"pa_talla-145","16":"pa_talla-38-5","17":"thunk-woo-product-list","18":"opn-qv-enable","19":"open-woo-hover-","20":"open-single-product-tab-horizontal","21":"open-shadow-","22":"open-shadow-hover-","24":"first","25":"instock","26":"shipping-taxable","27":"purchasable","28":"product-type-variable"},"jetpack_sharing_enabled":true,"_links":{"self":[{"href":"https:\/\/www.deporteseli.com\/index.php?rest_route=\/wp\/v2\/product\/75413","targetHints":{"allow":["GET"]}}],"collection":[{"href":"https:\/\/www.deporteseli.com\/index.php?rest_route=\/wp\/v2\/product"}],"about":[{"href":"https:\/\/www.deporteseli.com\/index.php?rest_route=\/wp\/v2\/types\/product"}],"wp:featuredmedia":[{"embeddable":true,"href":"https:\/\/www.deporteseli.com\/index.php?rest_route=\/wp\/v2\/media\/75422"}],"wp:attachment":[{"href":"https:\/\/www.deporteseli.com\/index.php?rest_route=%2Fwp%2Fv2%2Fmedia&parent=75413"}],"wp:term":[{"taxonomy":"product_brand","embeddable":true,"href":"https:\/\/www.deporteseli.com\/index.php?rest_route=%2Fwp%2Fv2%2Fproduct_brand&post=75413"},{"taxonomy":"product_cat","embeddable":true,"href":"https:\/\/www.deporteseli.com\/index.php?rest_route=%2Fwp%2Fv2%2Fproduct_cat&post=75413"},{"taxonomy":"product_tag","embeddable":true,"href":"https:\/\/www.deporteseli.com\/index.php?rest_route=%2Fwp%2Fv2%2Fproduct_tag&post=75413"}],"curies":[{"name":"wp","href":"https:\/\/api.w.org\/{rel}","templated":true}]}}