{"id":75361,"date":"2026-04-14T11:54:36","date_gmt":"2026-04-14T11:54:36","guid":{"rendered":"https:\/\/www.deporteseli.com\/?product=guantes-adidas-ka7790"},"modified":"2026-04-15T04:18:09","modified_gmt":"2026-04-15T04:18:09","slug":"guantes-adidas-ka7790","status":"publish","type":"product","link":"https:\/\/www.deporteseli.com\/?product=guantes-adidas-ka7790","title":{"rendered":"GUANTES ADIDAS KA7790"},"content":{"rendered":"<p>La correa el\u00e1stica de la mu\u00f1equera con media vuelta te ofrece sujeci\u00f3n y un ajuste c\u00f3modo  Los GUANTES DE PORTERO PREDATOR MATCH FINGERSAVE de adidas est\u00e1n dise\u00f1ados por atletas para atletas, y presentan un rendimiento pensado para quienes buscan superar sus l\u00edmites.    La correa el\u00e1stica ofrece una buena sujeci\u00f3n de la mu\u00f1eca y un ajuste c\u00f3modo, para que te lances e interceptes el bal\u00f3n con precisi\u00f3n. La tecnolog\u00eda Soft Grip Pro te ofrece una palma de l\u00e1tex suave con buen agarre, amortiguaci\u00f3n y resistencia al desgaste.    La mu\u00f1equera con media vuelta presenta una estructura ligera que favorece el movimiento, y el corte positivo ofrece un ajuste c\u00f3modo con una buena zona de contacto con el bal\u00f3n.    Estos guantes cuentan con varios detalles que te facilitan la defensa de la porter\u00eda, como un mejor agarre, un dise\u00f1o c\u00f3modo, una confecci\u00f3n transpirable y un corte ajustado.  100% poliuretano  Correa el\u00e1stica para mejorar el ajuste y la sujeci\u00f3n de la mu\u00f1eca  Mu\u00f1equera Half Wrap con estructura ligera  Malla de canal\u00e9 y l\u00e1tex en el dorso para incrementar la sujeci\u00f3n y la comodidad  Corte positivo para un ajuste c\u00f3modo y mejor zona de contacto con el bal\u00f3n  Tecnolog\u00eda Fingersave con tiras en los dedos para desviar el bal\u00f3n con eficacia  Color del art\u00edculo: White \/ Lucid Red \/ Black  N\u00famero de art\u00edculo: KA7790                                                                                                                                                                                                                                                                                                                                                                                                                                                                                                                                                                                                                                                                                                                                                                                                                                                                                                                                                                                                                                        <\/p>\n","protected":false},"excerpt":{"rendered":"<p>GUANTES ADIDAS KA7790<\/p>\n","protected":false},"featured_media":75363,"template":"","meta":[],"product_brand":[],"product_cat":[322],"product_tag":[18],"class_list":{"0":"post-75361","1":"product","2":"type-product","3":"status-publish","4":"has-post-thumbnail","6":"product_cat-deportes_futbol_guantes_portero","7":"product_tag-adidas","8":"pa_color-unico","9":"pa_talla-169","10":"pa_talla-170","11":"pa_talla-171","12":"thunk-woo-product-list","13":"opn-qv-enable","14":"open-woo-hover-","15":"open-single-product-tab-horizontal","16":"open-shadow-","17":"open-shadow-hover-","19":"first","20":"instock","21":"shipping-taxable","22":"purchasable","23":"product-type-variable"},"jetpack_sharing_enabled":true,"_links":{"self":[{"href":"https:\/\/www.deporteseli.com\/index.php?rest_route=\/wp\/v2\/product\/75361","targetHints":{"allow":["GET"]}}],"collection":[{"href":"https:\/\/www.deporteseli.com\/index.php?rest_route=\/wp\/v2\/product"}],"about":[{"href":"https:\/\/www.deporteseli.com\/index.php?rest_route=\/wp\/v2\/types\/product"}],"wp:featuredmedia":[{"embeddable":true,"href":"https:\/\/www.deporteseli.com\/index.php?rest_route=\/wp\/v2\/media\/75363"}],"wp:attachment":[{"href":"https:\/\/www.deporteseli.com\/index.php?rest_route=%2Fwp%2Fv2%2Fmedia&parent=75361"}],"wp:term":[{"taxonomy":"product_brand","embeddable":true,"href":"https:\/\/www.deporteseli.com\/index.php?rest_route=%2Fwp%2Fv2%2Fproduct_brand&post=75361"},{"taxonomy":"product_cat","embeddable":true,"href":"https:\/\/www.deporteseli.com\/index.php?rest_route=%2Fwp%2Fv2%2Fproduct_cat&post=75361"},{"taxonomy":"product_tag","embeddable":true,"href":"https:\/\/www.deporteseli.com\/index.php?rest_route=%2Fwp%2Fv2%2Fproduct_tag&post=75361"}],"curies":[{"name":"wp","href":"https:\/\/api.w.org\/{rel}","templated":true}]}}