{"id":75348,"date":"2026-04-14T10:02:21","date_gmt":"2026-04-14T10:02:21","guid":{"rendered":"https:\/\/www.deporteseli.com\/?product=tenis-reebok-100260002"},"modified":"2026-04-14T10:02:30","modified_gmt":"2026-04-14T10:02:30","slug":"tenis-reebok-100260002","status":"publish","type":"product","link":"https:\/\/www.deporteseli.com\/?product=tenis-reebok-100260002","title":{"rendered":"TENIS REEBOK 100260002"},"content":{"rendered":"<p>P\u00f3ntelas para jugar todo el d\u00eda con las Reebok Court Advance Vulc para ni\u00f1os, que combinan una silueta limpia inspirada en el tenis con una paleta suave en Chalk y Dusty Rose. La parte superior duradera ofrece un ajuste seguro y estable desde el aula hasta el patio de recreo, mientras que la construcci\u00f3n flexible vulcanizada garantiza ligereza para un movimiento natural y transiciones explosivas. Estilizadas y resistentes, estas zapatillas cuentan con sutiles detalles en rosa para un look atl\u00e9tico y pulido que acompa\u00f1a cada zancada y salto con facilidad.                                                                                                                                                                                                                                                                                                                                                                                                                                                                                                                                                                                                                                                                                                                                                                                                                                                                                                                                                                                                                                        <\/p>\n","protected":false},"excerpt":{"rendered":"<p>TENIS REEBOK 100260002<\/p>\n","protected":false},"featured_media":75357,"template":"","meta":[],"product_brand":[],"product_cat":[287],"product_tag":[41],"class_list":{"0":"post-75348","1":"product","2":"type-product","3":"status-publish","4":"has-post-thumbnail","6":"product_cat-mujer_calzado_casual","7":"product_tag-reebok","8":"pa_color-unico","9":"pa_talla-141","10":"pa_talla-143","11":"pa_talla-37-5","12":"pa_talla-145","13":"pa_talla-38-5","14":"pa_talla-147","15":"pa_talla-149","16":"pa_talla-40-5","17":"thunk-woo-product-list","18":"opn-qv-enable","19":"open-woo-hover-","20":"open-single-product-tab-horizontal","21":"open-shadow-","22":"open-shadow-hover-","24":"first","25":"instock","26":"shipping-taxable","27":"purchasable","28":"product-type-variable"},"jetpack_sharing_enabled":true,"_links":{"self":[{"href":"https:\/\/www.deporteseli.com\/index.php?rest_route=\/wp\/v2\/product\/75348","targetHints":{"allow":["GET"]}}],"collection":[{"href":"https:\/\/www.deporteseli.com\/index.php?rest_route=\/wp\/v2\/product"}],"about":[{"href":"https:\/\/www.deporteseli.com\/index.php?rest_route=\/wp\/v2\/types\/product"}],"wp:featuredmedia":[{"embeddable":true,"href":"https:\/\/www.deporteseli.com\/index.php?rest_route=\/wp\/v2\/media\/75357"}],"wp:attachment":[{"href":"https:\/\/www.deporteseli.com\/index.php?rest_route=%2Fwp%2Fv2%2Fmedia&parent=75348"}],"wp:term":[{"taxonomy":"product_brand","embeddable":true,"href":"https:\/\/www.deporteseli.com\/index.php?rest_route=%2Fwp%2Fv2%2Fproduct_brand&post=75348"},{"taxonomy":"product_cat","embeddable":true,"href":"https:\/\/www.deporteseli.com\/index.php?rest_route=%2Fwp%2Fv2%2Fproduct_cat&post=75348"},{"taxonomy":"product_tag","embeddable":true,"href":"https:\/\/www.deporteseli.com\/index.php?rest_route=%2Fwp%2Fv2%2Fproduct_tag&post=75348"}],"curies":[{"name":"wp","href":"https:\/\/api.w.org\/{rel}","templated":true}]}}