{"id":75341,"date":"2026-04-14T09:23:16","date_gmt":"2026-04-14T09:23:16","guid":{"rendered":"https:\/\/www.deporteseli.com\/?product=camisa-adidas-kg5381"},"modified":"2026-04-14T09:23:22","modified_gmt":"2026-04-14T09:23:22","slug":"camisa-adidas-kg5381","status":"publish","type":"product","link":"https:\/\/www.deporteseli.com\/?product=camisa-adidas-kg5381","title":{"rendered":"CAMISA ADIDAS KG5381"},"content":{"rendered":"<p>Ad\u00e9ntrate en un mundo donde el estilo se une a la comodidad con la camiseta gr\u00e1fica Modern Essentials. Parte de la colecci\u00f3n Sportswear de adidas, esta camiseta est\u00e1 confeccionada en algod\u00f3n jersey sencillo de 180 g, que ofrece un tacto suave para que te sientas c\u00f3modo durante todo el d\u00eda. Perfecta para el d\u00eda a d\u00eda y reuniones informales, su corte regular garantiza un look favorecedor que combina a la perfecci\u00f3n con tu vestuario diario.  Esta camiseta, adornada con un llamativo estampado monocrom\u00e1tico de goma, luce el ic\u00f3nico logo de adidas, elevando tu estilo al instante. La etiqueta tejida cosida le a\u00f1ade un toque de autenticidad y calidad, convirti\u00e9ndola en una prenda imprescindible en cualquier armario.  Ya sea para una reuni\u00f3n informal o para disfrutar de un d\u00eda de relax en casa, la camiseta gr\u00e1fica Modern Essentials es la opci\u00f3n ideal para un estilo impecable. Combina moda y funcionalidad, y deja que esta camiseta se convierta en la prenda estrella de tu armario.                                                                                                                                                                                                                                                                                                                                                                                                                                                                                                                                                                                                                                                                                                                                                                                                                                                                                                                                                                                                                                        <\/p>\n","protected":false},"excerpt":{"rendered":"<p>CAMISA ADIDAS KG5381<\/p>\n","protected":false},"featured_media":75347,"template":"","meta":[],"product_brand":[],"product_cat":[245],"product_tag":[18],"class_list":{"0":"post-75341","1":"product","2":"type-product","3":"status-publish","4":"has-post-thumbnail","6":"product_cat-hombre_textil_camisetas","7":"product_tag-adidas","8":"pa_color-unico","9":"pa_talla-l","10":"pa_talla-m","11":"pa_talla-s","12":"pa_talla-xl","13":"pa_talla-xxl","14":"thunk-woo-product-list","15":"opn-qv-enable","16":"open-woo-hover-","17":"open-single-product-tab-horizontal","18":"open-shadow-","19":"open-shadow-hover-","21":"first","22":"instock","23":"shipping-taxable","24":"purchasable","25":"product-type-variable"},"jetpack_sharing_enabled":true,"_links":{"self":[{"href":"https:\/\/www.deporteseli.com\/index.php?rest_route=\/wp\/v2\/product\/75341","targetHints":{"allow":["GET"]}}],"collection":[{"href":"https:\/\/www.deporteseli.com\/index.php?rest_route=\/wp\/v2\/product"}],"about":[{"href":"https:\/\/www.deporteseli.com\/index.php?rest_route=\/wp\/v2\/types\/product"}],"wp:featuredmedia":[{"embeddable":true,"href":"https:\/\/www.deporteseli.com\/index.php?rest_route=\/wp\/v2\/media\/75347"}],"wp:attachment":[{"href":"https:\/\/www.deporteseli.com\/index.php?rest_route=%2Fwp%2Fv2%2Fmedia&parent=75341"}],"wp:term":[{"taxonomy":"product_brand","embeddable":true,"href":"https:\/\/www.deporteseli.com\/index.php?rest_route=%2Fwp%2Fv2%2Fproduct_brand&post=75341"},{"taxonomy":"product_cat","embeddable":true,"href":"https:\/\/www.deporteseli.com\/index.php?rest_route=%2Fwp%2Fv2%2Fproduct_cat&post=75341"},{"taxonomy":"product_tag","embeddable":true,"href":"https:\/\/www.deporteseli.com\/index.php?rest_route=%2Fwp%2Fv2%2Fproduct_tag&post=75341"}],"curies":[{"name":"wp","href":"https:\/\/api.w.org\/{rel}","templated":true}]}}