{"id":75170,"date":"2026-04-10T16:21:59","date_gmt":"2026-04-10T16:21:59","guid":{"rendered":"https:\/\/www.deporteseli.com\/?product=tenis-joma-lady-slam-2601-black"},"modified":"2026-04-10T16:22:05","modified_gmt":"2026-04-10T16:22:05","slug":"tenis-joma-lady-slam-2601-black","status":"publish","type":"product","link":"https:\/\/www.deporteseli.com\/?product=tenis-joma-lady-slam-2601-black","title":{"rendered":"TENIS JOMA LADY SLAM 2601 BLACK"},"content":{"rendered":"<p>Descripci\u00f3n  Zapatillas de p\u00e1del para mujer. Este modelo de alto rendimiento creado para competici\u00f3n combina innovaci\u00f3n, respuesta y control. Dise\u00f1adas para ofrecer una excelente estabilidad y un equilibrio perfecto entre amortiguaci\u00f3n y reactividad a jugadoras exigentes.    Testadas por jugadoras profesionales como Vero Virseda en prestigiosos circuitos nacionales e internacionales.    Upper confeccionado en mesh transpirable. Este sistema incorpora peque\u00f1as perforaciones estrat\u00e9gicamente colocadas que permiten un flujo de aire constante, manteniendo los pies frescos y secos incluso en las sesiones m\u00e1s intensas. El sistema de ajuste termosellado JOMA SPORTECH adapta las zapatillas al pie sin a\u00f1adir peso y eliminando las zonas de fricci\u00f3n.    En la puntera y laterales tienen refuerzo PROTECTION para proteger la zona y alargar su durabilidad.    Mediasuela DUAL REACTIVE, compuesta por phylon superior, que proporciona un retorno de energ\u00eda excepcional. El REACTIVE BALL inferior ofrece una amortiguaci\u00f3n superior. Esta combinaci\u00f3n de materiales brinda estabilidad en los movimientos laterales, fundamentales en el p\u00e1del, y tambi\u00e9n optimiza los arranques explosivos y los frenazos r\u00e1pidos durante los cambios de direcci\u00f3n.    Tambi\u00e9n lleva una pieza semirr\u00edgida STABILIS, situada en el enfranque. Mejora la estabilidad de las zapatillas, reduciendo el riesgo de torsiones y ayudando a prevenir lesiones.    Suela Omni de caucho DURABILITY, formada por peque\u00f1os tacos circulares para mejorar la durabilidad en superficies duras. Facilita los deslizamientos para llegar m\u00e1s r\u00e1pido a la pelota.    Caracter\u00edsticas  Corte con sistema de ajuste termosellado SPORTECH  Corte con mesh transpirable VTS  Mediasuela DUAL REACTIVE de phylon y REACTIVE BALL. Incorpora STABILIS  Suela de caucho DURABILITY  Refuerzo PROTECTION en lateral y en puntera                                                                                                                                                                                                                                                                                                                                                                                                                                                                                                                                                                                                                                                                                                                                                                                                                                                                                                                                                                                                                                        <\/p>\n","protected":false},"excerpt":{"rendered":"<p>TENIS JOMA LADY SLAM 2601 BLACK<\/p>\n","protected":false},"featured_media":75176,"template":"","meta":[],"product_brand":[],"product_cat":[371],"product_tag":[31],"class_list":{"0":"post-75170","1":"product","2":"type-product","3":"status-publish","4":"has-post-thumbnail","6":"product_cat-padel_y_tenis_calzado","7":"product_tag-joma","8":"pa_color-unico","9":"pa_talla-143","10":"pa_talla-145","11":"pa_talla-147","12":"pa_talla-149","13":"pa_talla-151","14":"thunk-woo-product-list","15":"opn-qv-enable","16":"open-woo-hover-","17":"open-single-product-tab-horizontal","18":"open-shadow-","19":"open-shadow-hover-","21":"first","22":"instock","23":"sale","24":"shipping-taxable","25":"purchasable","26":"product-type-variable"},"jetpack_sharing_enabled":true,"_links":{"self":[{"href":"https:\/\/www.deporteseli.com\/index.php?rest_route=\/wp\/v2\/product\/75170","targetHints":{"allow":["GET"]}}],"collection":[{"href":"https:\/\/www.deporteseli.com\/index.php?rest_route=\/wp\/v2\/product"}],"about":[{"href":"https:\/\/www.deporteseli.com\/index.php?rest_route=\/wp\/v2\/types\/product"}],"wp:featuredmedia":[{"embeddable":true,"href":"https:\/\/www.deporteseli.com\/index.php?rest_route=\/wp\/v2\/media\/75176"}],"wp:attachment":[{"href":"https:\/\/www.deporteseli.com\/index.php?rest_route=%2Fwp%2Fv2%2Fmedia&parent=75170"}],"wp:term":[{"taxonomy":"product_brand","embeddable":true,"href":"https:\/\/www.deporteseli.com\/index.php?rest_route=%2Fwp%2Fv2%2Fproduct_brand&post=75170"},{"taxonomy":"product_cat","embeddable":true,"href":"https:\/\/www.deporteseli.com\/index.php?rest_route=%2Fwp%2Fv2%2Fproduct_cat&post=75170"},{"taxonomy":"product_tag","embeddable":true,"href":"https:\/\/www.deporteseli.com\/index.php?rest_route=%2Fwp%2Fv2%2Fproduct_tag&post=75170"}],"curies":[{"name":"wp","href":"https:\/\/api.w.org\/{rel}","templated":true}]}}