{"id":75148,"date":"2026-04-10T16:12:27","date_gmt":"2026-04-10T16:12:27","guid":{"rendered":"https:\/\/www.deporteseli.com\/?product=tenis-joma-neon-lady-2603"},"modified":"2026-04-10T16:12:33","modified_gmt":"2026-04-10T16:12:33","slug":"tenis-joma-neon-lady-2603","status":"publish","type":"product","link":"https:\/\/www.deporteseli.com\/?product=tenis-joma-neon-lady-2603","title":{"rendered":"TENIS JOMA NEON LADY 2603"},"content":{"rendered":"<p>Descripci\u00f3n  Zapatillas de running para mujer. Con una estructura ligera y materiales transpirables, este modelo es ideal para quienes buscan empezar a correr o mantenerse activos con un calzado fiable y funcional.    Upper fabricado en mesh t\u00e9cnico sin costuras ofrece un confort superior. El sistema de ventilaci\u00f3n VTS favorece el flujo de aire y mantiene los pies frescos. En la zona de la cordonera, lleva el sistema de ajuste termosellado JOMA SPORTECH, que brinda sujeci\u00f3n sin a\u00f1adir peso extra.    Mediasuela de phylon, un material liviano, funcional y flexible. Ofrece buena absorci\u00f3n de los impactos al correr o caminar.    Suela de caucho DURABILITY de alta calidad y resistencia a la abrasi\u00f3n en asfalto.                                                                                                                                                                                                                                                                                                                                                                                                                                                                                                                                                                                                                                                                                                                                                                                                                                                                                                                                                                                                                                        <\/p>\n","protected":false},"excerpt":{"rendered":"<p>TENIS JOMA NEON LADY 2603<\/p>\n","protected":false},"featured_media":75154,"template":"","meta":[],"product_brand":[],"product_cat":[285],"product_tag":[31],"class_list":{"0":"post-75148","1":"product","2":"type-product","3":"status-publish","4":"has-post-thumbnail","6":"product_cat-mujer_calzado_running","7":"product_tag-joma","8":"pa_color-unico","9":"pa_talla-141","10":"pa_talla-143","11":"pa_talla-145","12":"pa_talla-147","13":"pa_talla-149","14":"thunk-woo-product-list","15":"opn-qv-enable","16":"open-woo-hover-","17":"open-single-product-tab-horizontal","18":"open-shadow-","19":"open-shadow-hover-","21":"first","22":"instock","23":"shipping-taxable","24":"purchasable","25":"product-type-variable"},"jetpack_sharing_enabled":true,"_links":{"self":[{"href":"https:\/\/www.deporteseli.com\/index.php?rest_route=\/wp\/v2\/product\/75148","targetHints":{"allow":["GET"]}}],"collection":[{"href":"https:\/\/www.deporteseli.com\/index.php?rest_route=\/wp\/v2\/product"}],"about":[{"href":"https:\/\/www.deporteseli.com\/index.php?rest_route=\/wp\/v2\/types\/product"}],"wp:featuredmedia":[{"embeddable":true,"href":"https:\/\/www.deporteseli.com\/index.php?rest_route=\/wp\/v2\/media\/75154"}],"wp:attachment":[{"href":"https:\/\/www.deporteseli.com\/index.php?rest_route=%2Fwp%2Fv2%2Fmedia&parent=75148"}],"wp:term":[{"taxonomy":"product_brand","embeddable":true,"href":"https:\/\/www.deporteseli.com\/index.php?rest_route=%2Fwp%2Fv2%2Fproduct_brand&post=75148"},{"taxonomy":"product_cat","embeddable":true,"href":"https:\/\/www.deporteseli.com\/index.php?rest_route=%2Fwp%2Fv2%2Fproduct_cat&post=75148"},{"taxonomy":"product_tag","embeddable":true,"href":"https:\/\/www.deporteseli.com\/index.php?rest_route=%2Fwp%2Fv2%2Fproduct_tag&post=75148"}],"curies":[{"name":"wp","href":"https:\/\/api.w.org\/{rel}","templated":true}]}}