{"id":75137,"date":"2026-04-10T16:08:37","date_gmt":"2026-04-10T16:08:37","guid":{"rendered":"https:\/\/www.deporteseli.com\/?product=tenis-joma-hispalis-2601"},"modified":"2026-04-10T16:08:43","modified_gmt":"2026-04-10T16:08:43","slug":"tenis-joma-hispalis-2601","status":"publish","type":"product","link":"https:\/\/www.deporteseli.com\/?product=tenis-joma-hispalis-2601","title":{"rendered":"TENIS JOMA HISPALIS 2601"},"content":{"rendered":"<p>Zapatillas running Joma Hispalis 2601 negro verde de alto rendimiento, dise\u00f1adas especialmente para hombres que buscan m\u00e1xima amortiguaci\u00f3n y estabilidad en sus entrenamientos de running o caminatas sobre terrenos compactos. Su dise\u00f1o en negro aporta un estilo sobrio y vers\u00e1til, ideal para corredoras de peso medio a alto que necesitan mayor protecci\u00f3n y seguridad en cada pisada. Este modelo est\u00e1 pensado para ofrecer una pisada neutra, c\u00f3moda y confiable en distancias largas o jornadas exigentes.                                                                                                                                                                                                                                                                                                                                                                                                                                                                                                                                                                                                                                                                                                                                                                                                                                                                                                                                                                                                                                        <\/p>\n","protected":false},"excerpt":{"rendered":"<p>TENIS JOMA HISPALIS 2601<\/p>\n","protected":false},"featured_media":75144,"template":"","meta":[],"product_brand":[],"product_cat":[259],"product_tag":[31],"class_list":{"0":"post-75137","1":"product","2":"type-product","3":"status-publish","4":"has-post-thumbnail","6":"product_cat-hombre_calzado_running","7":"product_tag-joma","8":"pa_color-unico","9":"pa_talla-149","10":"pa_talla-151","11":"pa_talla-153","12":"pa_talla-155","13":"pa_talla-157","14":"pa_talla-159","15":"thunk-woo-product-list","16":"opn-qv-enable","17":"open-woo-hover-","18":"open-single-product-tab-horizontal","19":"open-shadow-","20":"open-shadow-hover-","22":"first","23":"instock","24":"shipping-taxable","25":"purchasable","26":"product-type-variable"},"jetpack_sharing_enabled":true,"_links":{"self":[{"href":"https:\/\/www.deporteseli.com\/index.php?rest_route=\/wp\/v2\/product\/75137","targetHints":{"allow":["GET"]}}],"collection":[{"href":"https:\/\/www.deporteseli.com\/index.php?rest_route=\/wp\/v2\/product"}],"about":[{"href":"https:\/\/www.deporteseli.com\/index.php?rest_route=\/wp\/v2\/types\/product"}],"wp:featuredmedia":[{"embeddable":true,"href":"https:\/\/www.deporteseli.com\/index.php?rest_route=\/wp\/v2\/media\/75144"}],"wp:attachment":[{"href":"https:\/\/www.deporteseli.com\/index.php?rest_route=%2Fwp%2Fv2%2Fmedia&parent=75137"}],"wp:term":[{"taxonomy":"product_brand","embeddable":true,"href":"https:\/\/www.deporteseli.com\/index.php?rest_route=%2Fwp%2Fv2%2Fproduct_brand&post=75137"},{"taxonomy":"product_cat","embeddable":true,"href":"https:\/\/www.deporteseli.com\/index.php?rest_route=%2Fwp%2Fv2%2Fproduct_cat&post=75137"},{"taxonomy":"product_tag","embeddable":true,"href":"https:\/\/www.deporteseli.com\/index.php?rest_route=%2Fwp%2Fv2%2Fproduct_tag&post=75137"}],"curies":[{"name":"wp","href":"https:\/\/api.w.org\/{rel}","templated":true}]}}