{"id":75109,"date":"2026-04-10T15:52:29","date_gmt":"2026-04-10T15:52:29","guid":{"rendered":"https:\/\/www.deporteseli.com\/?product=botas-joma-maxima-2617-petroleo"},"modified":"2026-04-10T15:55:06","modified_gmt":"2026-04-10T15:55:06","slug":"botas-joma-maxima-2617-petroleo","status":"publish","type":"product","link":"https:\/\/www.deporteseli.com\/?product=botas-joma-maxima-2617-petroleo","title":{"rendered":"BOTAS JOMA MAXIMA 2617 PETROLEO"},"content":{"rendered":"<p>Descripci\u00f3n  Zapatillas de f\u00fatbol sala. Modelo polivalente desarrollado para la etapa de iniciaci\u00f3n. Fabricadas con materiales resistentes al uso frecuente, son ideales para los primeros entrenamientos o partidos, garantizando comodidad desde el primer d\u00eda.    Upper fabricado en su mayor\u00eda con sint\u00e9tico, un material que aporta resistencia y buen contacto con el bal\u00f3n, perfecto para empezar en el futsal. Para mejorar la ventilaci\u00f3n del sudor, se han incluido peque\u00f1as perforaciones del sistema VTS. Esta tecnolog\u00eda reduce la acumulaci\u00f3n de calor dentro de las zapatillas.    Pieza PROTECTION en la puntera.    La suela de caucho DURABILITY est\u00e1 dise\u00f1ada para ofrecer una resistencia excepcional. Su estructura proporciona un agarre superior y una tracci\u00f3n eficaz en superficies interiores. Con l\u00edneas FLEXO y sistema ROTATION para los movimientos giratorios y multidireccionales.  Caracter\u00edsticas  Corte de piel sint\u00e9tica con sistema de ventilaci\u00f3n VTS  Suela de caucho con tecnolog\u00edas DURABILITY, FLEXO y ROTATION  Refuerzo en puntera PROTECTION  Informaci\u00f3n t\u00e9cnica  Intensidad de uso: entrenamiento y competici\u00f3n  Rendimiento: alto premium                                                                                                                                                                                                                                                                                                                                                                                                                                                                                                                                                                                                                                                                                                                                                                                                                                                                                                                                                                                                                                        <\/p>\n","protected":false},"excerpt":{"rendered":"<p>BOTAS JOMA MAXIMA 2617 PETROLEO<\/p>\n","protected":false},"featured_media":75116,"template":"","meta":[],"product_brand":[],"product_cat":[323],"product_tag":[31],"class_list":{"0":"post-75109","1":"product","2":"type-product","3":"status-publish","4":"has-post-thumbnail","6":"product_cat-deportes_futbol_botas_sala","7":"product_tag-joma","8":"pa_color-unico","9":"pa_talla-149","10":"pa_talla-151","11":"pa_talla-153","12":"pa_talla-155","13":"pa_talla-157","14":"pa_talla-159","15":"thunk-woo-product-list","16":"opn-qv-enable","17":"open-woo-hover-","18":"open-single-product-tab-horizontal","19":"open-shadow-","20":"open-shadow-hover-","22":"first","23":"instock","24":"shipping-taxable","25":"purchasable","26":"product-type-variable"},"jetpack_sharing_enabled":true,"_links":{"self":[{"href":"https:\/\/www.deporteseli.com\/index.php?rest_route=\/wp\/v2\/product\/75109","targetHints":{"allow":["GET"]}}],"collection":[{"href":"https:\/\/www.deporteseli.com\/index.php?rest_route=\/wp\/v2\/product"}],"about":[{"href":"https:\/\/www.deporteseli.com\/index.php?rest_route=\/wp\/v2\/types\/product"}],"wp:featuredmedia":[{"embeddable":true,"href":"https:\/\/www.deporteseli.com\/index.php?rest_route=\/wp\/v2\/media\/75116"}],"wp:attachment":[{"href":"https:\/\/www.deporteseli.com\/index.php?rest_route=%2Fwp%2Fv2%2Fmedia&parent=75109"}],"wp:term":[{"taxonomy":"product_brand","embeddable":true,"href":"https:\/\/www.deporteseli.com\/index.php?rest_route=%2Fwp%2Fv2%2Fproduct_brand&post=75109"},{"taxonomy":"product_cat","embeddable":true,"href":"https:\/\/www.deporteseli.com\/index.php?rest_route=%2Fwp%2Fv2%2Fproduct_cat&post=75109"},{"taxonomy":"product_tag","embeddable":true,"href":"https:\/\/www.deporteseli.com\/index.php?rest_route=%2Fwp%2Fv2%2Fproduct_tag&post=75109"}],"curies":[{"name":"wp","href":"https:\/\/api.w.org\/{rel}","templated":true}]}}