{"id":75085,"date":"2026-04-10T15:37:59","date_gmt":"2026-04-10T15:37:59","guid":{"rendered":"https:\/\/www.deporteseli.com\/?product=tenis-adidas-hq0071"},"modified":"2026-04-18T04:21:49","modified_gmt":"2026-04-18T04:21:49","slug":"tenis-adidas-hq0071","status":"publish","type":"product","link":"https:\/\/www.deporteseli.com\/?product=tenis-adidas-hq0071","title":{"rendered":"TENIS ADIDAS HQ0071"},"content":{"rendered":"<p>La zapatilla Grand Court Base 3.0 rinde homenaje al estilo imperecedero y le aporta un toque innovador. Esta zapatilla se ha creado para quienes aprecian el look del tenis cl\u00e1sico pero buscan una comodidad adicional.  Presenta caracter\u00edsticas cl\u00e1sicas actualizados, como el forro mejorado que aporta amortiguaci\u00f3n adicional a los pies. La suela de goma ofrece resistencia al desgaste y agarre, por lo que esta zapatilla es una opci\u00f3n fiable para el d\u00eda a d\u00eda.  El empeine de material sint\u00e9tico presenta un acabado elegante con la silueta Grand Court, que no pasa de moda, y las ic\u00f3nicas 3 bandas y el refuerzo del tal\u00f3n aportan un toque de estilo adidas.  No importa si vas a dar una vuelta tranquila o si vas a tomar un caf\u00e9 con tus amigos, adopta el estilo de la serie Grand Court con una zapatilla que te ofrece comodidad y estilo.                                                                                                                                                                                                                                                                                                                                                                                                                                                                                                                                                                                                                                                                                                                                                                                                                                                                                                                                                                                                                                        <\/p>\n","protected":false},"excerpt":{"rendered":"<p>TENIS ADIDAS HQ0071<\/p>\n","protected":false},"featured_media":75095,"template":"","meta":[],"product_brand":[],"product_cat":[261],"product_tag":[18],"class_list":{"0":"post-75085","1":"product","2":"type-product","3":"status-publish","4":"has-post-thumbnail","6":"product_cat-hombre_calzado_casual","7":"product_tag-adidas","8":"pa_color-unico","9":"pa_talla-41-5","10":"pa_talla-153","11":"pa_talla-42-5","12":"pa_talla-43-5","13":"pa_talla-157","14":"pa_talla-44-5","15":"pa_talla-45-5","16":"pa_talla-161","17":"pa_talla-163","18":"thunk-woo-product-list","19":"opn-qv-enable","20":"open-woo-hover-","21":"open-single-product-tab-horizontal","22":"open-shadow-","23":"open-shadow-hover-","25":"first","26":"instock","27":"shipping-taxable","28":"purchasable","29":"product-type-variable"},"jetpack_sharing_enabled":true,"_links":{"self":[{"href":"https:\/\/www.deporteseli.com\/index.php?rest_route=\/wp\/v2\/product\/75085","targetHints":{"allow":["GET"]}}],"collection":[{"href":"https:\/\/www.deporteseli.com\/index.php?rest_route=\/wp\/v2\/product"}],"about":[{"href":"https:\/\/www.deporteseli.com\/index.php?rest_route=\/wp\/v2\/types\/product"}],"wp:featuredmedia":[{"embeddable":true,"href":"https:\/\/www.deporteseli.com\/index.php?rest_route=\/wp\/v2\/media\/75095"}],"wp:attachment":[{"href":"https:\/\/www.deporteseli.com\/index.php?rest_route=%2Fwp%2Fv2%2Fmedia&parent=75085"}],"wp:term":[{"taxonomy":"product_brand","embeddable":true,"href":"https:\/\/www.deporteseli.com\/index.php?rest_route=%2Fwp%2Fv2%2Fproduct_brand&post=75085"},{"taxonomy":"product_cat","embeddable":true,"href":"https:\/\/www.deporteseli.com\/index.php?rest_route=%2Fwp%2Fv2%2Fproduct_cat&post=75085"},{"taxonomy":"product_tag","embeddable":true,"href":"https:\/\/www.deporteseli.com\/index.php?rest_route=%2Fwp%2Fv2%2Fproduct_tag&post=75085"}],"curies":[{"name":"wp","href":"https:\/\/api.w.org\/{rel}","templated":true}]}}