{"id":75080,"date":"2026-04-10T15:37:40","date_gmt":"2026-04-10T15:37:40","guid":{"rendered":"https:\/\/www.deporteseli.com\/?product=mochila-adidas-ke3784"},"modified":"2026-04-10T15:37:41","modified_gmt":"2026-04-10T15:37:41","slug":"mochila-adidas-ke3784","status":"publish","type":"product","link":"https:\/\/www.deporteseli.com\/?product=mochila-adidas-ke3784","title":{"rendered":"MOCHILA ADIDAS KE3784"},"content":{"rendered":"<p>La mochila adidas PrimeLift es una pieza resistente que ayuda a eliminar el estr\u00e9s de los viajes con un dise\u00f1o moderno que combina utilidad deportiva y versatilidad para el d\u00eda a d\u00eda.  Gracias a su resistente tejido t\u00e9cnico, ofrece un acabado elegante que funciona en todos los entornos, desde los desplazamientos al trabajo hasta el entrenamiento. Mientras que los compartimentos seguros proporcionan un almacenamiento seguro para tus objetos esenciales.  Las cuerdas de compresi\u00f3n laterales ajustables mantienen la carga estable y compacta, mientras que el panel trasero de malla ventilada a\u00f1ade comodidad y ayuda a disipar el calor. Acabada con el logotipo de adidas, esta mochila combina funcionalidad y estilo con l\u00edneas depuradas.                                                                                                                                                                                                                                                                                                                                                                                                                                                                                                                                                                                                                                                                                                                                                                                                                                                                                                                                                                                                                                        <\/p>\n","protected":false},"excerpt":{"rendered":"<p>MOCHILA ADIDAS KE3784<\/p>\n","protected":false},"featured_media":75082,"template":"","meta":[],"product_brand":[],"product_cat":[401],"product_tag":[18],"class_list":{"0":"post-75080","1":"product","2":"type-product","3":"status-publish","4":"has-post-thumbnail","6":"product_cat-accesorios_mochilas","7":"product_tag-adidas","8":"pa_color-unico","9":"pa_talla-unica","10":"thunk-woo-product-list","11":"opn-qv-enable","12":"open-woo-hover-","13":"open-single-product-tab-horizontal","14":"open-shadow-","15":"open-shadow-hover-","17":"first","18":"instock","19":"shipping-taxable","20":"purchasable","21":"product-type-variable"},"jetpack_sharing_enabled":true,"_links":{"self":[{"href":"https:\/\/www.deporteseli.com\/index.php?rest_route=\/wp\/v2\/product\/75080","targetHints":{"allow":["GET"]}}],"collection":[{"href":"https:\/\/www.deporteseli.com\/index.php?rest_route=\/wp\/v2\/product"}],"about":[{"href":"https:\/\/www.deporteseli.com\/index.php?rest_route=\/wp\/v2\/types\/product"}],"wp:featuredmedia":[{"embeddable":true,"href":"https:\/\/www.deporteseli.com\/index.php?rest_route=\/wp\/v2\/media\/75082"}],"wp:attachment":[{"href":"https:\/\/www.deporteseli.com\/index.php?rest_route=%2Fwp%2Fv2%2Fmedia&parent=75080"}],"wp:term":[{"taxonomy":"product_brand","embeddable":true,"href":"https:\/\/www.deporteseli.com\/index.php?rest_route=%2Fwp%2Fv2%2Fproduct_brand&post=75080"},{"taxonomy":"product_cat","embeddable":true,"href":"https:\/\/www.deporteseli.com\/index.php?rest_route=%2Fwp%2Fv2%2Fproduct_cat&post=75080"},{"taxonomy":"product_tag","embeddable":true,"href":"https:\/\/www.deporteseli.com\/index.php?rest_route=%2Fwp%2Fv2%2Fproduct_tag&post=75080"}],"curies":[{"name":"wp","href":"https:\/\/api.w.org\/{rel}","templated":true}]}}