{"id":75067,"date":"2026-04-10T15:37:06","date_gmt":"2026-04-10T15:37:06","guid":{"rendered":"https:\/\/www.deporteseli.com\/?product=tenis-adidas-kj1945"},"modified":"2026-04-10T15:37:13","modified_gmt":"2026-04-10T15:37:13","slug":"tenis-adidas-kj1945","status":"publish","type":"product","link":"https:\/\/www.deporteseli.com\/?product=tenis-adidas-kj1945","title":{"rendered":"TENIS ADIDAS KJ1945"},"content":{"rendered":"<p>Presume de estilo retro. Esta zapatilla adidas combina un confort actual, detalles deportivos vintage y las emblem\u00e1ticas 3 bandas para que incluso tus vaqueros favoritos caigan rendidos a ella. La parte superior se adapta al pie con suavidad, mientras que la amortiguaci\u00f3n Cloudfoam ligera te ofrece una pisada m\u00e1s c\u00f3moda.  La parte superior contiene al menos un 50% de materiales reciclados. Su objetivo es plantear otra soluci\u00f3n m\u00e1s que ayude a acabar con los residuos pl\u00e1sticos.                                                                                                                                                                                                                                                                                                                                                                                                                                                                                                                                                                                                                                                                                                                                                                                                                                                                                                                                                                                                                                        <\/p>\n","protected":false},"excerpt":{"rendered":"<p>TENIS ADIDAS KJ1945<\/p>\n","protected":false},"featured_media":75075,"template":"","meta":[],"product_brand":[],"product_cat":[287],"product_tag":[18],"class_list":{"0":"post-75067","1":"product","2":"type-product","3":"status-publish","4":"has-post-thumbnail","6":"product_cat-mujer_calzado_casual","7":"product_tag-adidas","8":"pa_color-unico","9":"pa_talla-36-5","10":"pa_talla-37-5","11":"pa_talla-145","12":"pa_talla-38-5","13":"pa_talla-39-5","14":"pa_talla-149","15":"pa_talla-40-5","16":"thunk-woo-product-list","17":"opn-qv-enable","18":"open-woo-hover-","19":"open-single-product-tab-horizontal","20":"open-shadow-","21":"open-shadow-hover-","23":"first","24":"instock","25":"shipping-taxable","26":"purchasable","27":"product-type-variable"},"jetpack_sharing_enabled":true,"_links":{"self":[{"href":"https:\/\/www.deporteseli.com\/index.php?rest_route=\/wp\/v2\/product\/75067","targetHints":{"allow":["GET"]}}],"collection":[{"href":"https:\/\/www.deporteseli.com\/index.php?rest_route=\/wp\/v2\/product"}],"about":[{"href":"https:\/\/www.deporteseli.com\/index.php?rest_route=\/wp\/v2\/types\/product"}],"wp:featuredmedia":[{"embeddable":true,"href":"https:\/\/www.deporteseli.com\/index.php?rest_route=\/wp\/v2\/media\/75075"}],"wp:attachment":[{"href":"https:\/\/www.deporteseli.com\/index.php?rest_route=%2Fwp%2Fv2%2Fmedia&parent=75067"}],"wp:term":[{"taxonomy":"product_brand","embeddable":true,"href":"https:\/\/www.deporteseli.com\/index.php?rest_route=%2Fwp%2Fv2%2Fproduct_brand&post=75067"},{"taxonomy":"product_cat","embeddable":true,"href":"https:\/\/www.deporteseli.com\/index.php?rest_route=%2Fwp%2Fv2%2Fproduct_cat&post=75067"},{"taxonomy":"product_tag","embeddable":true,"href":"https:\/\/www.deporteseli.com\/index.php?rest_route=%2Fwp%2Fv2%2Fproduct_tag&post=75067"}],"curies":[{"name":"wp","href":"https:\/\/api.w.org\/{rel}","templated":true}]}}