{"id":75049,"date":"2026-04-10T15:36:04","date_gmt":"2026-04-10T15:36:04","guid":{"rendered":"https:\/\/www.deporteseli.com\/?product=tenis-adidas-jh9250"},"modified":"2026-04-10T15:36:12","modified_gmt":"2026-04-10T15:36:12","slug":"tenis-adidas-jh9250","status":"publish","type":"product","link":"https:\/\/www.deporteseli.com\/?product=tenis-adidas-jh9250","title":{"rendered":"TENIS ADIDAS JH9250"},"content":{"rendered":"<p>Creada para j\u00f3venes imparables, esta zapatilla adidas te acompa\u00f1a en tu d\u00eda a d\u00eda. Presenta un dise\u00f1o ligero y deportivo con un empeine de piel sint\u00e9tica y un forro textil que mantienen los pies frescos y c\u00f3modos. La suela de goma que no deja marcas te permite tanto salir a explorar al aire libre como relajarte en casa. Vers\u00e1til y elegante, esta silueta se convertir\u00e1 en tu compa\u00f1era inseparable.                                                                                                                                                                                                                                                                                                                                                                                                                                                                                                                                                                                                                                                                                                                                                                                                                                                                                                                                                                                                                                        <\/p>\n","protected":false},"excerpt":{"rendered":"<p>TENIS ADIDAS JH9250<\/p>\n","protected":false},"featured_media":75058,"template":"","meta":[],"product_brand":[],"product_cat":[310],"product_tag":[18],"class_list":{"0":"post-75049","1":"product","2":"type-product","3":"status-publish","4":"has-post-thumbnail","6":"product_cat-nino_calzado_casual","7":"product_tag-adidas","8":"pa_color-unico","9":"pa_talla-35-5","10":"pa_talla-141","11":"pa_talla-36-5","12":"pa_talla-37-5","13":"pa_talla-145","14":"pa_talla-38-5","15":"pa_talla-39-5","16":"pa_talla-149","17":"thunk-woo-product-list","18":"opn-qv-enable","19":"open-woo-hover-","20":"open-single-product-tab-horizontal","21":"open-shadow-","22":"open-shadow-hover-","24":"first","25":"instock","26":"shipping-taxable","27":"purchasable","28":"product-type-variable"},"jetpack_sharing_enabled":true,"_links":{"self":[{"href":"https:\/\/www.deporteseli.com\/index.php?rest_route=\/wp\/v2\/product\/75049","targetHints":{"allow":["GET"]}}],"collection":[{"href":"https:\/\/www.deporteseli.com\/index.php?rest_route=\/wp\/v2\/product"}],"about":[{"href":"https:\/\/www.deporteseli.com\/index.php?rest_route=\/wp\/v2\/types\/product"}],"wp:featuredmedia":[{"embeddable":true,"href":"https:\/\/www.deporteseli.com\/index.php?rest_route=\/wp\/v2\/media\/75058"}],"wp:attachment":[{"href":"https:\/\/www.deporteseli.com\/index.php?rest_route=%2Fwp%2Fv2%2Fmedia&parent=75049"}],"wp:term":[{"taxonomy":"product_brand","embeddable":true,"href":"https:\/\/www.deporteseli.com\/index.php?rest_route=%2Fwp%2Fv2%2Fproduct_brand&post=75049"},{"taxonomy":"product_cat","embeddable":true,"href":"https:\/\/www.deporteseli.com\/index.php?rest_route=%2Fwp%2Fv2%2Fproduct_cat&post=75049"},{"taxonomy":"product_tag","embeddable":true,"href":"https:\/\/www.deporteseli.com\/index.php?rest_route=%2Fwp%2Fv2%2Fproduct_tag&post=75049"}],"curies":[{"name":"wp","href":"https:\/\/api.w.org\/{rel}","templated":true}]}}