{"id":75028,"date":"2026-04-10T08:25:26","date_gmt":"2026-04-10T08:25:26","guid":{"rendered":"https:\/\/www.deporteseli.com\/?product=short-adidas-kb2865"},"modified":"2026-04-10T08:25:31","modified_gmt":"2026-04-10T08:25:31","slug":"short-adidas-kb2865","status":"publish","type":"product","link":"https:\/\/www.deporteseli.com\/?product=short-adidas-kb2865","title":{"rendered":"SHORT ADIDAS KB2865"},"content":{"rendered":"<p>La comodidad vers\u00e1til se une al estilo ic\u00f3nico con el pantal\u00f3n corto con logotipo grande Train Essentials.  Dise\u00f1ado para quienes aman moverse, este pantal\u00f3n corto es una prenda imprescindible para diversas actividades, desde el recreo hasta la pr\u00e1ctica deportiva.  El ic\u00f3nico logotipo de adidas a\u00f1ade un toque de estilo, convirti\u00e9ndolo en una prenda destacada de su vestuario.  Confeccionado con un corte cl\u00e1sico, este pantal\u00f3n corto est\u00e1 hecho para que te muevas c\u00f3modamente y puedas concentrarte en la diversi\u00f3n.  El cierre de cord\u00f3n proporciona un ajuste seguro para que puedas usarlo con confianza.  Tanto si es un d\u00eda caluroso como una actividad desafiante, la tecnolog\u00eda Climacool te ayuda a sentirte fresco y seco controlando la humedad.  Este pantal\u00f3n corto est\u00e1 confeccionado con un tejido de punto para un tacto suave contra la piel, ideal para llevarlo durante todo el d\u00eda.  Disfruta tu lado deportivo con este pantal\u00f3n corto cl\u00e1sico de adidas, donde el rendimiento flexible se une a la comodidad diaria.                                                                                                                                                                                                                                                                                                                                                                                                                                                                                                                                                                                                                                                                                                                                                                                                                                                                                                                                                                                                                                        <\/p>\n","protected":false},"excerpt":{"rendered":"<p>SHORT ADIDAS KB2865<\/p>\n","protected":false},"featured_media":75034,"template":"","meta":[],"product_brand":[],"product_cat":[300],"product_tag":[18],"class_list":{"0":"post-75028","1":"product","2":"type-product","3":"status-publish","4":"has-post-thumbnail","6":"product_cat-nino_textil_shorts","7":"product_tag-adidas","8":"pa_color-unico","9":"pa_talla-t-10","10":"pa_talla-t-12","11":"pa_talla-t-14","12":"pa_talla-t-16","13":"pa_talla-t-8","14":"thunk-woo-product-list","15":"opn-qv-enable","16":"open-woo-hover-","17":"open-single-product-tab-horizontal","18":"open-shadow-","19":"open-shadow-hover-","21":"first","22":"instock","23":"shipping-taxable","24":"purchasable","25":"product-type-variable"},"jetpack_sharing_enabled":true,"_links":{"self":[{"href":"https:\/\/www.deporteseli.com\/index.php?rest_route=\/wp\/v2\/product\/75028","targetHints":{"allow":["GET"]}}],"collection":[{"href":"https:\/\/www.deporteseli.com\/index.php?rest_route=\/wp\/v2\/product"}],"about":[{"href":"https:\/\/www.deporteseli.com\/index.php?rest_route=\/wp\/v2\/types\/product"}],"wp:featuredmedia":[{"embeddable":true,"href":"https:\/\/www.deporteseli.com\/index.php?rest_route=\/wp\/v2\/media\/75034"}],"wp:attachment":[{"href":"https:\/\/www.deporteseli.com\/index.php?rest_route=%2Fwp%2Fv2%2Fmedia&parent=75028"}],"wp:term":[{"taxonomy":"product_brand","embeddable":true,"href":"https:\/\/www.deporteseli.com\/index.php?rest_route=%2Fwp%2Fv2%2Fproduct_brand&post=75028"},{"taxonomy":"product_cat","embeddable":true,"href":"https:\/\/www.deporteseli.com\/index.php?rest_route=%2Fwp%2Fv2%2Fproduct_cat&post=75028"},{"taxonomy":"product_tag","embeddable":true,"href":"https:\/\/www.deporteseli.com\/index.php?rest_route=%2Fwp%2Fv2%2Fproduct_tag&post=75028"}],"curies":[{"name":"wp","href":"https:\/\/api.w.org\/{rel}","templated":true}]}}