{"id":75014,"date":"2026-04-10T08:24:45","date_gmt":"2026-04-10T08:24:45","guid":{"rendered":"https:\/\/www.deporteseli.com\/?product=camisa-adidas-jz4993"},"modified":"2026-04-10T08:24:49","modified_gmt":"2026-04-10T08:24:49","slug":"camisa-adidas-jz4993","status":"publish","type":"product","link":"https:\/\/www.deporteseli.com\/?product=camisa-adidas-jz4993","title":{"rendered":"CAMISA ADIDAS JZ4993"},"content":{"rendered":"<p>El estilo y la comodidad unen fuerzas en la camiseta estampada Modern Essentials, Esta camiseta, confeccionada para quienes buscan adoptar el esp\u00edritu deportivo, combina el estilo cl\u00e1sico adidas con el contempor\u00e1neo. No importa si est\u00e1s en casa de relax o si has salido a dar una vuelta, esta camiseta no puede faltar en tu d\u00eda a d\u00eda.  El estampado marca estilo sin miedo y aporta estilo a tus atuendos informales y deportivos.  Est\u00e1 confeccionada en tejido de punto suave, que garantiza la comodidad tanto en los d\u00edas ajetreados como en los tranquilos. El corte cl\u00e1sico crea una silueta estilizada per relajada, que te permite moverte con libertad y combinar la camiseta con otras prendas.  El cuello aporta un toque de sofisticaci\u00f3n, y el logotipo de Sportswear supone un gui\u00f1o al incre\u00edble legado de adidas.  Adopta la sencillez y la elegancia de esta prenda esencial, y comb\u00ednala con tus zapatillas adidas favoritas para lucir un atuendo elegante que no pasa de moda.                                                                                                                                                                                                                                                                                                                                                                                                                                                                                                                                                                                                                                                                                                                                                                                                                                                                                                                                                                                                                                        <\/p>\n","protected":false},"excerpt":{"rendered":"<p>CAMISA ADIDAS JZ4993<\/p>\n","protected":false},"featured_media":75019,"template":"","meta":[],"product_brand":[],"product_cat":[245],"product_tag":[18],"class_list":{"0":"post-75014","1":"product","2":"type-product","3":"status-publish","4":"has-post-thumbnail","6":"product_cat-hombre_textil_camisetas","7":"product_tag-adidas","8":"pa_color-unico","9":"pa_talla-l","10":"pa_talla-m","11":"pa_talla-s","12":"pa_talla-xl","13":"thunk-woo-product-list","14":"opn-qv-enable","15":"open-woo-hover-","16":"open-single-product-tab-horizontal","17":"open-shadow-","18":"open-shadow-hover-","20":"first","21":"instock","22":"shipping-taxable","23":"purchasable","24":"product-type-variable"},"jetpack_sharing_enabled":true,"_links":{"self":[{"href":"https:\/\/www.deporteseli.com\/index.php?rest_route=\/wp\/v2\/product\/75014","targetHints":{"allow":["GET"]}}],"collection":[{"href":"https:\/\/www.deporteseli.com\/index.php?rest_route=\/wp\/v2\/product"}],"about":[{"href":"https:\/\/www.deporteseli.com\/index.php?rest_route=\/wp\/v2\/types\/product"}],"wp:featuredmedia":[{"embeddable":true,"href":"https:\/\/www.deporteseli.com\/index.php?rest_route=\/wp\/v2\/media\/75019"}],"wp:attachment":[{"href":"https:\/\/www.deporteseli.com\/index.php?rest_route=%2Fwp%2Fv2%2Fmedia&parent=75014"}],"wp:term":[{"taxonomy":"product_brand","embeddable":true,"href":"https:\/\/www.deporteseli.com\/index.php?rest_route=%2Fwp%2Fv2%2Fproduct_brand&post=75014"},{"taxonomy":"product_cat","embeddable":true,"href":"https:\/\/www.deporteseli.com\/index.php?rest_route=%2Fwp%2Fv2%2Fproduct_cat&post=75014"},{"taxonomy":"product_tag","embeddable":true,"href":"https:\/\/www.deporteseli.com\/index.php?rest_route=%2Fwp%2Fv2%2Fproduct_tag&post=75014"}],"curies":[{"name":"wp","href":"https:\/\/api.w.org\/{rel}","templated":true}]}}