{"id":75008,"date":"2026-04-10T08:24:28","date_gmt":"2026-04-10T08:24:28","guid":{"rendered":"https:\/\/www.deporteseli.com\/?product=short-adidas-kt0550"},"modified":"2026-04-10T08:24:31","modified_gmt":"2026-04-10T08:24:31","slug":"short-adidas-kt0550","status":"publish","type":"product","link":"https:\/\/www.deporteseli.com\/?product=short-adidas-kt0550","title":{"rendered":"SHORT ADIDAS KT0550"},"content":{"rendered":"<p>Este pantal\u00f3n corto adidas combina un dise\u00f1o elegante con un estilo actual. Tanto si sales a la calle como si te relajas en casa, su tejido t\u00e9cnico suave te envuelve en comodidad durante todo el d\u00eda. Las 3 bandas en los laterales le aportan el toque deportivo definitivo.  Este producto se ha fabricado con un 100% de materiales reciclados. Utilizando materiales reciclados, reducimos los residuos, nuestra dependencia de los recursos finitos y la huella que generan los productos que fabricamos.                                                                                                                                                                                                                                                                                                                                                                                                                                                                                                                                                                                                                                                                                                                                                                                                                                                                                                                                                                                                                                        <\/p>\n","protected":false},"excerpt":{"rendered":"<p>SHORT ADIDAS KT0550<\/p>\n","protected":false},"featured_media":75012,"template":"","meta":[],"product_brand":[],"product_cat":[251],"product_tag":[18],"class_list":{"0":"post-75008","1":"product","2":"type-product","3":"status-publish","4":"has-post-thumbnail","6":"product_cat-hombre_textil_shorts","7":"product_tag-adidas","8":"pa_color-unico","9":"pa_talla-l","10":"pa_talla-m","11":"pa_talla-s","12":"thunk-woo-product-list","13":"opn-qv-enable","14":"open-woo-hover-","15":"open-single-product-tab-horizontal","16":"open-shadow-","17":"open-shadow-hover-","19":"first","20":"instock","21":"shipping-taxable","22":"purchasable","23":"product-type-variable"},"jetpack_sharing_enabled":true,"_links":{"self":[{"href":"https:\/\/www.deporteseli.com\/index.php?rest_route=\/wp\/v2\/product\/75008","targetHints":{"allow":["GET"]}}],"collection":[{"href":"https:\/\/www.deporteseli.com\/index.php?rest_route=\/wp\/v2\/product"}],"about":[{"href":"https:\/\/www.deporteseli.com\/index.php?rest_route=\/wp\/v2\/types\/product"}],"wp:featuredmedia":[{"embeddable":true,"href":"https:\/\/www.deporteseli.com\/index.php?rest_route=\/wp\/v2\/media\/75012"}],"wp:attachment":[{"href":"https:\/\/www.deporteseli.com\/index.php?rest_route=%2Fwp%2Fv2%2Fmedia&parent=75008"}],"wp:term":[{"taxonomy":"product_brand","embeddable":true,"href":"https:\/\/www.deporteseli.com\/index.php?rest_route=%2Fwp%2Fv2%2Fproduct_brand&post=75008"},{"taxonomy":"product_cat","embeddable":true,"href":"https:\/\/www.deporteseli.com\/index.php?rest_route=%2Fwp%2Fv2%2Fproduct_cat&post=75008"},{"taxonomy":"product_tag","embeddable":true,"href":"https:\/\/www.deporteseli.com\/index.php?rest_route=%2Fwp%2Fv2%2Fproduct_tag&post=75008"}],"curies":[{"name":"wp","href":"https:\/\/api.w.org\/{rel}","templated":true}]}}