{"id":75000,"date":"2026-04-10T08:24:08","date_gmt":"2026-04-10T08:24:08","guid":{"rendered":"https:\/\/www.deporteseli.com\/?product=camisa-adidas-ka0530"},"modified":"2026-04-22T04:18:38","modified_gmt":"2026-04-22T04:18:38","slug":"camisa-adidas-ka0530","status":"publish","type":"product","link":"https:\/\/www.deporteseli.com\/?product=camisa-adidas-ka0530","title":{"rendered":"CAMISA ADIDAS KA0530"},"content":{"rendered":"<p>La camiseta estampada Gaming de adidas est\u00e1 dise\u00f1ada para que los j\u00f3venes gamers expresen su pasi\u00f3n a trav\u00e9s de la ropa. Los estampados dan un toque divertido a muchos dise\u00f1os para resaltar el amor de tu hijo por los juegos.  La camiseta ofrece un tacto suave y c\u00f3modo para llevarla puesta todo el d\u00eda con un corte cl\u00e1sico que proporciona una silueta relajada para jugar o para salidas informales.  La estructura de punto a\u00f1ade durabilidad, lo que la convierte en una opci\u00f3n fiable para los ni\u00f1os activos. Tanto si est\u00e1 en el colegio como si sale con amigos, le mantendr\u00e1 con estilo y c\u00f3modo.                                                                                                                                                                                                                                                                                                                                                                                                                                                                                                                                                                                                                                                                                                                                                                                                                                                                                                                                                                                                                                        <\/p>\n","protected":false},"excerpt":{"rendered":"<p>CAMISA ADIDAS KA0530<\/p>\n","protected":false},"featured_media":75006,"template":"","meta":[],"product_brand":[],"product_cat":[296],"product_tag":[18],"class_list":{"0":"post-75000","1":"product","2":"type-product","3":"status-publish","4":"has-post-thumbnail","6":"product_cat-nino_textil_camisetas","7":"product_tag-adidas","8":"pa_color-unico","9":"pa_talla-t-10","10":"pa_talla-t-12","11":"pa_talla-t-14","12":"pa_talla-t-16","13":"pa_talla-t-8","14":"thunk-woo-product-list","15":"opn-qv-enable","16":"open-woo-hover-","17":"open-single-product-tab-horizontal","18":"open-shadow-","19":"open-shadow-hover-","21":"first","22":"instock","23":"shipping-taxable","24":"purchasable","25":"product-type-variable"},"jetpack_sharing_enabled":true,"_links":{"self":[{"href":"https:\/\/www.deporteseli.com\/index.php?rest_route=\/wp\/v2\/product\/75000","targetHints":{"allow":["GET"]}}],"collection":[{"href":"https:\/\/www.deporteseli.com\/index.php?rest_route=\/wp\/v2\/product"}],"about":[{"href":"https:\/\/www.deporteseli.com\/index.php?rest_route=\/wp\/v2\/types\/product"}],"wp:featuredmedia":[{"embeddable":true,"href":"https:\/\/www.deporteseli.com\/index.php?rest_route=\/wp\/v2\/media\/75006"}],"wp:attachment":[{"href":"https:\/\/www.deporteseli.com\/index.php?rest_route=%2Fwp%2Fv2%2Fmedia&parent=75000"}],"wp:term":[{"taxonomy":"product_brand","embeddable":true,"href":"https:\/\/www.deporteseli.com\/index.php?rest_route=%2Fwp%2Fv2%2Fproduct_brand&post=75000"},{"taxonomy":"product_cat","embeddable":true,"href":"https:\/\/www.deporteseli.com\/index.php?rest_route=%2Fwp%2Fv2%2Fproduct_cat&post=75000"},{"taxonomy":"product_tag","embeddable":true,"href":"https:\/\/www.deporteseli.com\/index.php?rest_route=%2Fwp%2Fv2%2Fproduct_tag&post=75000"}],"curies":[{"name":"wp","href":"https:\/\/api.w.org\/{rel}","templated":true}]}}