{"id":74995,"date":"2026-04-10T08:23:41","date_gmt":"2026-04-10T08:23:41","guid":{"rendered":"https:\/\/www.deporteseli.com\/?product=gorra-adidas-ke8257"},"modified":"2026-04-10T08:23:42","modified_gmt":"2026-04-10T08:23:42","slug":"gorra-adidas-ke8257","status":"publish","type":"product","link":"https:\/\/www.deporteseli.com\/?product=gorra-adidas-ke8257","title":{"rendered":"GORRA ADIDAS KE8257"},"content":{"rendered":"<p>Gorra de b\u00e9isbol cl\u00e1sica con cierre ajustable en la nuca para un ajuste a medida.  La gorra de b\u00e9isbol Linear es tu accesorio imprescindible para las aventuras cotidianas. Tanto si sales a pasear como si te preparas para una caminata, tendr\u00e1s todo bajo control.    La estructura en sarga proporciona resistencia al desgaste y transpirabilidad. Un cierre ajustable en la nuca permite un corte adaptado a tu comodidad, para que puedas centrarte en lo que m\u00e1s importa. Y la visera y el ala medianamente curvados ofrecen un aspecto atemporal que nunca pasa de moda.    Adopta el esp\u00edritu adidas y convierte esta gorra en un b\u00e1sico de tu armario.                                                                                                                                                                                                                                                                                                                                                                                                                                                                                                                                                                                                                                                                                                                                                                                                                                                                                                                                                                                                                                        <\/p>\n","protected":false},"excerpt":{"rendered":"<p>GORRA ADIDAS KE8257<\/p>\n","protected":false},"featured_media":74997,"template":"","meta":[],"product_brand":[],"product_cat":[399],"product_tag":[18],"class_list":{"0":"post-74995","1":"product","2":"type-product","3":"status-publish","4":"has-post-thumbnail","6":"product_cat-accesorios_gorras","7":"product_tag-adidas","8":"pa_color-unico","9":"pa_talla-t-19-5","10":"thunk-woo-product-list","11":"opn-qv-enable","12":"open-woo-hover-","13":"open-single-product-tab-horizontal","14":"open-shadow-","15":"open-shadow-hover-","17":"first","18":"instock","19":"shipping-taxable","20":"purchasable","21":"product-type-variable"},"jetpack_sharing_enabled":true,"_links":{"self":[{"href":"https:\/\/www.deporteseli.com\/index.php?rest_route=\/wp\/v2\/product\/74995","targetHints":{"allow":["GET"]}}],"collection":[{"href":"https:\/\/www.deporteseli.com\/index.php?rest_route=\/wp\/v2\/product"}],"about":[{"href":"https:\/\/www.deporteseli.com\/index.php?rest_route=\/wp\/v2\/types\/product"}],"wp:featuredmedia":[{"embeddable":true,"href":"https:\/\/www.deporteseli.com\/index.php?rest_route=\/wp\/v2\/media\/74997"}],"wp:attachment":[{"href":"https:\/\/www.deporteseli.com\/index.php?rest_route=%2Fwp%2Fv2%2Fmedia&parent=74995"}],"wp:term":[{"taxonomy":"product_brand","embeddable":true,"href":"https:\/\/www.deporteseli.com\/index.php?rest_route=%2Fwp%2Fv2%2Fproduct_brand&post=74995"},{"taxonomy":"product_cat","embeddable":true,"href":"https:\/\/www.deporteseli.com\/index.php?rest_route=%2Fwp%2Fv2%2Fproduct_cat&post=74995"},{"taxonomy":"product_tag","embeddable":true,"href":"https:\/\/www.deporteseli.com\/index.php?rest_route=%2Fwp%2Fv2%2Fproduct_tag&post=74995"}],"curies":[{"name":"wp","href":"https:\/\/api.w.org\/{rel}","templated":true}]}}