{"id":74989,"date":"2026-04-10T08:23:16","date_gmt":"2026-04-10T08:23:16","guid":{"rendered":"https:\/\/www.deporteseli.com\/?product=mochila-adidas-ke3782"},"modified":"2026-04-10T08:23:18","modified_gmt":"2026-04-10T08:23:18","slug":"mochila-adidas-ke3782","status":"publish","type":"product","link":"https:\/\/www.deporteseli.com\/?product=mochila-adidas-ke3782","title":{"rendered":"MOCHILA ADIDAS KE3782"},"content":{"rendered":"<p>Mochila pr\u00e1ctica con panel trasero de malla para mayor comodidad en movimiento.  La mochila adidas PrimeLift est\u00e1 dise\u00f1ada para ayudarte a mantener la organizaci\u00f3n cuando est\u00e1s en movimiento, combinando caracter\u00edsticas pr\u00e1cticas con un dise\u00f1o duradero y listo para viajar.    Su tejido liso le confiere una silueta limpia y, gracias a su generoso tama\u00f1o y a su compartimento para laptop externo, pod\u00e9s llevar todo lo que necesit\u00e1s de forma segura.    Los bolsillos con cierre y los cordones de compresi\u00f3n laterales aportan mayor funcionalidad, mientras que el panel trasero de malla mejora la ventilaci\u00f3n para mayor comodidad. El logo de adidas completa el dise\u00f1o, a\u00f1adiendo un toque atrevido y distintivo que hace que esta vers\u00e1til mochila destaque.                                                                                                                                                                                                                                                                                                                                                                                                                                                                                                                                                                                                                                                                                                                                                                                                                                                                                                                                                                                                                                        <\/p>\n","protected":false},"excerpt":{"rendered":"<p>MOCHILA ADIDAS KE3782<\/p>\n","protected":false},"featured_media":74991,"template":"","meta":[],"product_brand":[],"product_cat":[401],"product_tag":[18],"class_list":{"0":"post-74989","1":"product","2":"type-product","3":"status-publish","4":"has-post-thumbnail","6":"product_cat-accesorios_mochilas","7":"product_tag-adidas","8":"pa_color-unico","9":"pa_talla-unica","10":"thunk-woo-product-list","11":"opn-qv-enable","12":"open-woo-hover-","13":"open-single-product-tab-horizontal","14":"open-shadow-","15":"open-shadow-hover-","17":"first","18":"instock","19":"shipping-taxable","20":"purchasable","21":"product-type-variable"},"jetpack_sharing_enabled":true,"_links":{"self":[{"href":"https:\/\/www.deporteseli.com\/index.php?rest_route=\/wp\/v2\/product\/74989","targetHints":{"allow":["GET"]}}],"collection":[{"href":"https:\/\/www.deporteseli.com\/index.php?rest_route=\/wp\/v2\/product"}],"about":[{"href":"https:\/\/www.deporteseli.com\/index.php?rest_route=\/wp\/v2\/types\/product"}],"wp:featuredmedia":[{"embeddable":true,"href":"https:\/\/www.deporteseli.com\/index.php?rest_route=\/wp\/v2\/media\/74991"}],"wp:attachment":[{"href":"https:\/\/www.deporteseli.com\/index.php?rest_route=%2Fwp%2Fv2%2Fmedia&parent=74989"}],"wp:term":[{"taxonomy":"product_brand","embeddable":true,"href":"https:\/\/www.deporteseli.com\/index.php?rest_route=%2Fwp%2Fv2%2Fproduct_brand&post=74989"},{"taxonomy":"product_cat","embeddable":true,"href":"https:\/\/www.deporteseli.com\/index.php?rest_route=%2Fwp%2Fv2%2Fproduct_cat&post=74989"},{"taxonomy":"product_tag","embeddable":true,"href":"https:\/\/www.deporteseli.com\/index.php?rest_route=%2Fwp%2Fv2%2Fproduct_tag&post=74989"}],"curies":[{"name":"wp","href":"https:\/\/api.w.org\/{rel}","templated":true}]}}