{"id":74896,"date":"2026-04-09T09:19:34","date_gmt":"2026-04-09T09:19:34","guid":{"rendered":"https:\/\/www.deporteseli.com\/?product=tenis-reebok-100262376"},"modified":"2026-04-10T04:18:39","modified_gmt":"2026-04-10T04:18:39","slug":"tenis-reebok-100262376","status":"publish","type":"product","link":"https:\/\/www.deporteseli.com\/?product=tenis-reebok-100262376","title":{"rendered":"TENIS REEBOK 100262376"},"content":{"rendered":"<p>Revoluciona tu estilo diario con un dise\u00f1o limpio y de perfil bajo con las Reebok Court Advance Vulc para hombre, que combinan el ADN del tenis cl\u00e1sico con una moderna construcci\u00f3n vulcanizada. La parte superior en textil y sint\u00e9tico blanco se realza con superposiciones en Pure Grey y detalles n\u00edtidos en Glen Green, logrando un look que mantiene la esencia de los cl\u00e1sicos. Con una silueta estilizada y una duradera suela de goma, estas zapatillas ofrecen el estilo de pista sin esfuerzo y la comodidad esencial para la vida m\u00e1s all\u00e1 de la l\u00ednea de fondo.                                                                                                                                                                                                                                                                                                                                                                                                                                                                                                                                                                                                                                                                                                                                                                                                                                                                                                                                                                                                                                        <\/p>\n","protected":false},"excerpt":{"rendered":"<p>TENIS REEBOK 100262376<\/p>\n","protected":false},"featured_media":74906,"template":"","meta":[],"product_brand":[],"product_cat":[261],"product_tag":[41],"class_list":{"0":"post-74896","1":"product","2":"type-product","3":"status-publish","4":"has-post-thumbnail","6":"product_cat-hombre_calzado_casual","7":"product_tag-reebok","8":"pa_color-unico","9":"pa_talla-40-5","10":"pa_talla-151","11":"pa_talla-153","12":"pa_talla-42-5","13":"pa_talla-155","14":"pa_talla-157","15":"pa_talla-44-5","16":"pa_talla-159","17":"pa_talla-45-5","18":"thunk-woo-product-list","19":"opn-qv-enable","20":"open-woo-hover-","21":"open-single-product-tab-horizontal","22":"open-shadow-","23":"open-shadow-hover-","25":"first","26":"instock","27":"shipping-taxable","28":"purchasable","29":"product-type-variable"},"jetpack_sharing_enabled":true,"_links":{"self":[{"href":"https:\/\/www.deporteseli.com\/index.php?rest_route=\/wp\/v2\/product\/74896","targetHints":{"allow":["GET"]}}],"collection":[{"href":"https:\/\/www.deporteseli.com\/index.php?rest_route=\/wp\/v2\/product"}],"about":[{"href":"https:\/\/www.deporteseli.com\/index.php?rest_route=\/wp\/v2\/types\/product"}],"wp:featuredmedia":[{"embeddable":true,"href":"https:\/\/www.deporteseli.com\/index.php?rest_route=\/wp\/v2\/media\/74906"}],"wp:attachment":[{"href":"https:\/\/www.deporteseli.com\/index.php?rest_route=%2Fwp%2Fv2%2Fmedia&parent=74896"}],"wp:term":[{"taxonomy":"product_brand","embeddable":true,"href":"https:\/\/www.deporteseli.com\/index.php?rest_route=%2Fwp%2Fv2%2Fproduct_brand&post=74896"},{"taxonomy":"product_cat","embeddable":true,"href":"https:\/\/www.deporteseli.com\/index.php?rest_route=%2Fwp%2Fv2%2Fproduct_cat&post=74896"},{"taxonomy":"product_tag","embeddable":true,"href":"https:\/\/www.deporteseli.com\/index.php?rest_route=%2Fwp%2Fv2%2Fproduct_tag&post=74896"}],"curies":[{"name":"wp","href":"https:\/\/api.w.org\/{rel}","templated":true}]}}