{"id":74815,"date":"2026-04-08T11:14:06","date_gmt":"2026-04-08T11:14:06","guid":{"rendered":"https:\/\/www.deporteseli.com\/?product=camisa-adidas-kc0345"},"modified":"2026-04-08T11:14:10","modified_gmt":"2026-04-08T11:14:10","slug":"camisa-adidas-kc0345","status":"publish","type":"product","link":"https:\/\/www.deporteseli.com\/?product=camisa-adidas-kc0345","title":{"rendered":"CAMISA ADIDAS KC0345"},"content":{"rendered":"<p>Camiseta de corte cl\u00e1sico con tecnolog\u00eda Climacool para un rendimiento fresco y seco.  Dir\u00edgete a tu entrenamiento con confianza y estilo con la camiseta de entrenamiento y escote hondo Essentials Minimal. Dise\u00f1ada para ofrecer comodidad y libertad de movimientos, esta camiseta presenta costuras favorecedoras y cortes elegantes para un rendimiento sin distracciones, mientras que el cuello redondo a\u00f1ade un toque de elegancia a tu vestuario activo.    Confeccionado en suave punto sencillo, forma parte de la Workout Essentials Collection, dise\u00f1ada para soportar cada movimiento. La tecnolog\u00eda Climacool evacua la humedad, manteniendo tu piel fresca, seca y concentrada tanto si vas al gimnasio como si sales a correr.    Con su dise\u00f1o atemporal y vers\u00e1til, esta camiseta pasa sin problemas de los entrenamientos a la ropa de diario. Eleva tu entrenamiento con una pieza que combina funcionalidad y estilo, y que encarna el esp\u00edritu de adidas.  Corte cl\u00e1sico  Escote hondo  70% poli\u00e9ster (100% reciclado), 30% ray\u00f3n  Tejido de punto  Tecnolog\u00eda CLIMACOOL  Color del art\u00edculo: Clear Pink  N\u00famero de art\u00edculo: KC0345                                                                                                                                                                                                                                                                                                                                                                                                                                                                                                                                                                                                                                                                                                                                                                                                                                                                                                                                                                                                                                        <\/p>\n","protected":false},"excerpt":{"rendered":"<p>CAMISA ADIDAS KC0345<\/p>\n","protected":false},"featured_media":74820,"template":"","meta":[],"product_brand":[],"product_cat":[269],"product_tag":[18],"class_list":{"0":"post-74815","1":"product","2":"type-product","3":"status-publish","4":"has-post-thumbnail","6":"product_cat-mujer_textil_camisetas","7":"product_tag-adidas","8":"pa_color-unico","9":"pa_talla-l","10":"pa_talla-m","11":"pa_talla-s","12":"pa_talla-xl","13":"thunk-woo-product-list","14":"opn-qv-enable","15":"open-woo-hover-","16":"open-single-product-tab-horizontal","17":"open-shadow-","18":"open-shadow-hover-","20":"first","21":"instock","22":"shipping-taxable","23":"purchasable","24":"product-type-variable"},"jetpack_sharing_enabled":true,"_links":{"self":[{"href":"https:\/\/www.deporteseli.com\/index.php?rest_route=\/wp\/v2\/product\/74815","targetHints":{"allow":["GET"]}}],"collection":[{"href":"https:\/\/www.deporteseli.com\/index.php?rest_route=\/wp\/v2\/product"}],"about":[{"href":"https:\/\/www.deporteseli.com\/index.php?rest_route=\/wp\/v2\/types\/product"}],"wp:featuredmedia":[{"embeddable":true,"href":"https:\/\/www.deporteseli.com\/index.php?rest_route=\/wp\/v2\/media\/74820"}],"wp:attachment":[{"href":"https:\/\/www.deporteseli.com\/index.php?rest_route=%2Fwp%2Fv2%2Fmedia&parent=74815"}],"wp:term":[{"taxonomy":"product_brand","embeddable":true,"href":"https:\/\/www.deporteseli.com\/index.php?rest_route=%2Fwp%2Fv2%2Fproduct_brand&post=74815"},{"taxonomy":"product_cat","embeddable":true,"href":"https:\/\/www.deporteseli.com\/index.php?rest_route=%2Fwp%2Fv2%2Fproduct_cat&post=74815"},{"taxonomy":"product_tag","embeddable":true,"href":"https:\/\/www.deporteseli.com\/index.php?rest_route=%2Fwp%2Fv2%2Fproduct_tag&post=74815"}],"curies":[{"name":"wp","href":"https:\/\/api.w.org\/{rel}","templated":true}]}}