{"id":74712,"date":"2026-04-07T17:32:58","date_gmt":"2026-04-07T17:32:58","guid":{"rendered":"https:\/\/www.deporteseli.com\/?product=tenis-reebok-100245151"},"modified":"2026-04-07T17:33:06","modified_gmt":"2026-04-07T17:33:06","slug":"tenis-reebok-100245151","status":"publish","type":"product","link":"https:\/\/www.deporteseli.com\/?product=tenis-reebok-100245151","title":{"rendered":"TENIS REEBOK 100245151"},"content":{"rendered":"<p>Las Reebok CL Nylon para ni\u00f1os son un elegante gui\u00f1o al dise\u00f1o de finales de los 80, que combina una est\u00e9tica cl\u00e1sica con un toque contempor\u00e1neo. Confeccionadas con una parte superior de nailon y superposiciones de ante, ofrecen durabilidad y comodidad para los pies en crecimiento. Su dise\u00f1o de perfil bajo garantiza un aspecto estilizado, mientras que la mediasuela de EVA proporciona una amortiguaci\u00f3n ligera para usar durante todo el d\u00eda. Disponibles en varios colores, estas zapatillas son perfectas tanto para el colegio como para las aventuras de fin de semana, convirti\u00e9ndose en un complemento vers\u00e1til para cualquier armario.                                                                                                                                                                                                                                                                                                                                                                                                                                                                                                                                                                                                                                                                                                                                                                                                                                                                                                                                                                                                                                        <\/p>\n","protected":false},"excerpt":{"rendered":"<p>TENIS REEBOK 100245151<\/p>\n","protected":false},"featured_media":74721,"template":"","meta":[],"product_brand":[],"product_cat":[310],"product_tag":[41],"class_list":{"0":"post-74712","1":"product","2":"type-product","3":"status-publish","4":"has-post-thumbnail","6":"product_cat-nino_calzado_casual","7":"product_tag-reebok","8":"pa_color-unico","9":"pa_talla-34-5","10":"pa_talla-139","11":"pa_talla-141","12":"pa_talla-36-5","13":"pa_talla-143","14":"pa_talla-145","15":"pa_talla-38-5","16":"pa_talla-147","17":"thunk-woo-product-list","18":"opn-qv-enable","19":"open-woo-hover-","20":"open-single-product-tab-horizontal","21":"open-shadow-","22":"open-shadow-hover-","24":"first","25":"instock","26":"shipping-taxable","27":"purchasable","28":"product-type-variable"},"jetpack_sharing_enabled":true,"_links":{"self":[{"href":"https:\/\/www.deporteseli.com\/index.php?rest_route=\/wp\/v2\/product\/74712","targetHints":{"allow":["GET"]}}],"collection":[{"href":"https:\/\/www.deporteseli.com\/index.php?rest_route=\/wp\/v2\/product"}],"about":[{"href":"https:\/\/www.deporteseli.com\/index.php?rest_route=\/wp\/v2\/types\/product"}],"wp:featuredmedia":[{"embeddable":true,"href":"https:\/\/www.deporteseli.com\/index.php?rest_route=\/wp\/v2\/media\/74721"}],"wp:attachment":[{"href":"https:\/\/www.deporteseli.com\/index.php?rest_route=%2Fwp%2Fv2%2Fmedia&parent=74712"}],"wp:term":[{"taxonomy":"product_brand","embeddable":true,"href":"https:\/\/www.deporteseli.com\/index.php?rest_route=%2Fwp%2Fv2%2Fproduct_brand&post=74712"},{"taxonomy":"product_cat","embeddable":true,"href":"https:\/\/www.deporteseli.com\/index.php?rest_route=%2Fwp%2Fv2%2Fproduct_cat&post=74712"},{"taxonomy":"product_tag","embeddable":true,"href":"https:\/\/www.deporteseli.com\/index.php?rest_route=%2Fwp%2Fv2%2Fproduct_tag&post=74712"}],"curies":[{"name":"wp","href":"https:\/\/api.w.org\/{rel}","templated":true}]}}