{"id":74691,"date":"2026-04-07T10:42:03","date_gmt":"2026-04-07T10:42:03","guid":{"rendered":"https:\/\/www.deporteseli.com\/?product=camisa-champion-118428-ww001"},"modified":"2026-04-07T10:42:08","modified_gmt":"2026-04-07T10:42:08","slug":"camisa-champion-118428-ww001","status":"publish","type":"product","link":"https:\/\/www.deporteseli.com\/?product=camisa-champion-118428-ww001","title":{"rendered":"CAMISA CHAMPION 118428-WW001"},"content":{"rendered":"<p>Un b\u00e1sico deportivo con un toque femenino. Confeccionada en suave jersey de algod\u00f3n peinado, esta camiseta presenta un fit ce\u00f1ido que realza la silueta y un logo script bordado en el pecho para un acabado aut\u00e9ntico e ic\u00f3nico. Perfecta para completar tus looks diarios con estilo.  Tejido: Jersey peinado ligero, gramaje: 180 g\/m\u00b2  Composici\u00f3n: 100 % algod\u00f3n  Ajuste: Fitted: ajuste seco ce\u00f1ido al cuerpo.                                                                                                                                                                                                                                                                                                                                                                                                                                                                                                                                                                                                                                                                                                                                                                                                                                                                                                                                                                                                                                        <\/p>\n","protected":false},"excerpt":{"rendered":"<p>CAMISA CHAMPION 118428-WW001<\/p>\n","protected":false},"featured_media":74696,"template":"","meta":[],"product_brand":[],"product_cat":[269],"product_tag":[51],"class_list":{"0":"post-74691","1":"product","2":"type-product","3":"status-publish","4":"has-post-thumbnail","6":"product_cat-mujer_textil_camisetas","7":"product_tag-champion","8":"pa_color-unico","9":"pa_talla-l","10":"pa_talla-m","11":"pa_talla-s","12":"pa_talla-xl","13":"thunk-woo-product-list","14":"opn-qv-enable","15":"open-woo-hover-","16":"open-single-product-tab-horizontal","17":"open-shadow-","18":"open-shadow-hover-","20":"first","21":"instock","22":"shipping-taxable","23":"purchasable","24":"product-type-variable"},"jetpack_sharing_enabled":true,"_links":{"self":[{"href":"https:\/\/www.deporteseli.com\/index.php?rest_route=\/wp\/v2\/product\/74691","targetHints":{"allow":["GET"]}}],"collection":[{"href":"https:\/\/www.deporteseli.com\/index.php?rest_route=\/wp\/v2\/product"}],"about":[{"href":"https:\/\/www.deporteseli.com\/index.php?rest_route=\/wp\/v2\/types\/product"}],"wp:featuredmedia":[{"embeddable":true,"href":"https:\/\/www.deporteseli.com\/index.php?rest_route=\/wp\/v2\/media\/74696"}],"wp:attachment":[{"href":"https:\/\/www.deporteseli.com\/index.php?rest_route=%2Fwp%2Fv2%2Fmedia&parent=74691"}],"wp:term":[{"taxonomy":"product_brand","embeddable":true,"href":"https:\/\/www.deporteseli.com\/index.php?rest_route=%2Fwp%2Fv2%2Fproduct_brand&post=74691"},{"taxonomy":"product_cat","embeddable":true,"href":"https:\/\/www.deporteseli.com\/index.php?rest_route=%2Fwp%2Fv2%2Fproduct_cat&post=74691"},{"taxonomy":"product_tag","embeddable":true,"href":"https:\/\/www.deporteseli.com\/index.php?rest_route=%2Fwp%2Fv2%2Fproduct_tag&post=74691"}],"curies":[{"name":"wp","href":"https:\/\/api.w.org\/{rel}","templated":true}]}}