{"id":74680,"date":"2026-04-07T10:07:19","date_gmt":"2026-04-07T10:07:19","guid":{"rendered":"https:\/\/www.deporteseli.com\/?product=camisa-champion-222170-rs067"},"modified":"2026-04-07T10:07:23","modified_gmt":"2026-04-07T10:07:23","slug":"camisa-champion-222170-rs067","status":"publish","type":"product","link":"https:\/\/www.deporteseli.com\/?product=camisa-champion-222170-rs067","title":{"rendered":"CAMISA CHAMPION 222170-RS067"},"content":{"rendered":"<p>Esencial y vers\u00e1til, esta camiseta sin mangas Icons para hombre est\u00e1 confeccionada en jersey de algod\u00f3n peinado, pensada para ofrecer comodidad y transpirabilidad en el uso diario. El dise\u00f1o limpio se completa con el logo Champion en el pecho, para un estilo sencillo y reconocible. El ajuste Standard garantiza una sensaci\u00f3n c\u00f3moda y natural, ideal para el tiempo libre, la actividad ligera y el verano.  Ajuste: Standard, c\u00f3modo y vers\u00e1til  Tejido: Athletic Jersey Combed  Composici\u00f3n: 100% Algod\u00f3n  Gramaje: 180 g\/m\u00b2  Camiseta sin mangas  Tejido ligero y transpirable  Logo Champion en el pecho  Ideal para uso diario y temporada de verano   SKU: 222170_RS067                                                                                                                                                                                                                                                                                                                                                                                                                                                                                                                                                                                                                                                                                                                                                                                                                                                                                                                                                                                                                                        <\/p>\n","protected":false},"excerpt":{"rendered":"<p>CAMISA CHAMPION 222170-RS067<\/p>\n","protected":false},"featured_media":74684,"template":"","meta":[],"product_brand":[],"product_cat":[245],"product_tag":[51],"class_list":{"0":"post-74680","1":"product","2":"type-product","3":"status-publish","4":"has-post-thumbnail","6":"product_cat-hombre_textil_camisetas","7":"product_tag-champion","8":"pa_color-unico","9":"pa_talla-l","10":"pa_talla-m","11":"pa_talla-s","12":"thunk-woo-product-list","13":"opn-qv-enable","14":"open-woo-hover-","15":"open-single-product-tab-horizontal","16":"open-shadow-","17":"open-shadow-hover-","19":"first","20":"instock","21":"shipping-taxable","22":"purchasable","23":"product-type-variable"},"jetpack_sharing_enabled":true,"_links":{"self":[{"href":"https:\/\/www.deporteseli.com\/index.php?rest_route=\/wp\/v2\/product\/74680","targetHints":{"allow":["GET"]}}],"collection":[{"href":"https:\/\/www.deporteseli.com\/index.php?rest_route=\/wp\/v2\/product"}],"about":[{"href":"https:\/\/www.deporteseli.com\/index.php?rest_route=\/wp\/v2\/types\/product"}],"wp:featuredmedia":[{"embeddable":true,"href":"https:\/\/www.deporteseli.com\/index.php?rest_route=\/wp\/v2\/media\/74684"}],"wp:attachment":[{"href":"https:\/\/www.deporteseli.com\/index.php?rest_route=%2Fwp%2Fv2%2Fmedia&parent=74680"}],"wp:term":[{"taxonomy":"product_brand","embeddable":true,"href":"https:\/\/www.deporteseli.com\/index.php?rest_route=%2Fwp%2Fv2%2Fproduct_brand&post=74680"},{"taxonomy":"product_cat","embeddable":true,"href":"https:\/\/www.deporteseli.com\/index.php?rest_route=%2Fwp%2Fv2%2Fproduct_cat&post=74680"},{"taxonomy":"product_tag","embeddable":true,"href":"https:\/\/www.deporteseli.com\/index.php?rest_route=%2Fwp%2Fv2%2Fproduct_tag&post=74680"}],"curies":[{"name":"wp","href":"https:\/\/api.w.org\/{rel}","templated":true}]}}