{"id":74663,"date":"2026-04-07T10:02:52","date_gmt":"2026-04-07T10:02:52","guid":{"rendered":"https:\/\/www.deporteseli.com\/?product=camisa-champion-222282-em021"},"modified":"2026-04-07T10:02:57","modified_gmt":"2026-04-07T10:02:57","slug":"camisa-champion-222282-em021","status":"publish","type":"product","link":"https:\/\/www.deporteseli.com\/?product=camisa-champion-222282-em021","title":{"rendered":"CAMISA CHAMPION 222282-EM021"},"content":{"rendered":"<p>Esta camiseta de tirantes para hombre forma parte de los cl\u00e1sicos Champion y est\u00e1 confeccionada en jersey de algod\u00f3n peinado ligero, suave y c\u00f3modo al contacto con la piel. El ajuste regular ofrece una silueta limpia y confortable, ideal para el uso diario y el tiempo libre. El dise\u00f1o esencial se caracteriza por un maxi logo Champion estampado en el pecho, un detalle ic\u00f3nico y f\u00e1cilmente reconocible.  Ajuste: Standard Fit \u2013 c\u00f3modo, l\u00ednea regular  Tejido: Athletic Jersey Combed, jersey de algod\u00f3n ligero y suave  Composici\u00f3n: 100% Algod\u00f3n  Gramaje: 180 g\/m\u00b2  Dise\u00f1o: camiseta de tirantes  Detalles: sisas amplias  Logo: maxi logo Champion estampado en el pecho                                                                                                                                                                                                                                                                                                                                                                                                                                                                                                                                                                                                                                                                                                                                                                                                                                                                                                                                                                                                                                        <\/p>\n","protected":false},"excerpt":{"rendered":"<p>CAMISA CHAMPION 222282-EM021<\/p>\n","protected":false},"featured_media":74668,"template":"","meta":[],"product_brand":[],"product_cat":[245],"product_tag":[51],"class_list":{"0":"post-74663","1":"product","2":"type-product","3":"status-publish","4":"has-post-thumbnail","6":"product_cat-hombre_textil_camisetas","7":"product_tag-champion","8":"pa_color-unico","9":"pa_talla-l","10":"pa_talla-m","11":"pa_talla-s","12":"pa_talla-xl","13":"thunk-woo-product-list","14":"opn-qv-enable","15":"open-woo-hover-","16":"open-single-product-tab-horizontal","17":"open-shadow-","18":"open-shadow-hover-","20":"first","21":"instock","22":"shipping-taxable","23":"purchasable","24":"product-type-variable"},"jetpack_sharing_enabled":true,"_links":{"self":[{"href":"https:\/\/www.deporteseli.com\/index.php?rest_route=\/wp\/v2\/product\/74663","targetHints":{"allow":["GET"]}}],"collection":[{"href":"https:\/\/www.deporteseli.com\/index.php?rest_route=\/wp\/v2\/product"}],"about":[{"href":"https:\/\/www.deporteseli.com\/index.php?rest_route=\/wp\/v2\/types\/product"}],"wp:featuredmedia":[{"embeddable":true,"href":"https:\/\/www.deporteseli.com\/index.php?rest_route=\/wp\/v2\/media\/74668"}],"wp:attachment":[{"href":"https:\/\/www.deporteseli.com\/index.php?rest_route=%2Fwp%2Fv2%2Fmedia&parent=74663"}],"wp:term":[{"taxonomy":"product_brand","embeddable":true,"href":"https:\/\/www.deporteseli.com\/index.php?rest_route=%2Fwp%2Fv2%2Fproduct_brand&post=74663"},{"taxonomy":"product_cat","embeddable":true,"href":"https:\/\/www.deporteseli.com\/index.php?rest_route=%2Fwp%2Fv2%2Fproduct_cat&post=74663"},{"taxonomy":"product_tag","embeddable":true,"href":"https:\/\/www.deporteseli.com\/index.php?rest_route=%2Fwp%2Fv2%2Fproduct_tag&post=74663"}],"curies":[{"name":"wp","href":"https:\/\/api.w.org\/{rel}","templated":true}]}}