{"id":74641,"date":"2026-04-07T09:51:59","date_gmt":"2026-04-07T09:51:59","guid":{"rendered":"https:\/\/www.deporteseli.com\/?product=short-champion-307357-gs108"},"modified":"2026-04-07T09:52:03","modified_gmt":"2026-04-07T09:52:03","slug":"short-champion-307357-gs108","status":"publish","type":"product","link":"https:\/\/www.deporteseli.com\/?product=short-champion-307357-gs108","title":{"rendered":"SHORT CHAMPION 307357-GS108"},"content":{"rendered":"<p>Pantalones cortos de tejido suave dise\u00f1ados para brindar comodidad, adecuados para el uso diario de ni\u00f1os y j\u00f3venes.                                                                                                                                                                                                                                                                                                                                                                                                                                                                                                                                                                                                                                                                                                                                                                                                                                                                                                                                                                                                                                        <\/p>\n","protected":false},"excerpt":{"rendered":"<p>SHORT CHAMPION 307357-GS108<\/p>\n","protected":false},"featured_media":74645,"template":"","meta":[],"product_brand":[],"product_cat":[299],"product_tag":[51],"class_list":{"0":"post-74641","1":"product","2":"type-product","3":"status-publish","4":"has-post-thumbnail","6":"product_cat-nino_textil_bermudas","7":"product_tag-champion","8":"pa_color-unico","9":"pa_talla-l","10":"pa_talla-m","11":"pa_talla-s","12":"thunk-woo-product-list","13":"opn-qv-enable","14":"open-woo-hover-","15":"open-single-product-tab-horizontal","16":"open-shadow-","17":"open-shadow-hover-","19":"first","20":"instock","21":"shipping-taxable","22":"purchasable","23":"product-type-variable"},"jetpack_sharing_enabled":true,"_links":{"self":[{"href":"https:\/\/www.deporteseli.com\/index.php?rest_route=\/wp\/v2\/product\/74641","targetHints":{"allow":["GET"]}}],"collection":[{"href":"https:\/\/www.deporteseli.com\/index.php?rest_route=\/wp\/v2\/product"}],"about":[{"href":"https:\/\/www.deporteseli.com\/index.php?rest_route=\/wp\/v2\/types\/product"}],"wp:featuredmedia":[{"embeddable":true,"href":"https:\/\/www.deporteseli.com\/index.php?rest_route=\/wp\/v2\/media\/74645"}],"wp:attachment":[{"href":"https:\/\/www.deporteseli.com\/index.php?rest_route=%2Fwp%2Fv2%2Fmedia&parent=74641"}],"wp:term":[{"taxonomy":"product_brand","embeddable":true,"href":"https:\/\/www.deporteseli.com\/index.php?rest_route=%2Fwp%2Fv2%2Fproduct_brand&post=74641"},{"taxonomy":"product_cat","embeddable":true,"href":"https:\/\/www.deporteseli.com\/index.php?rest_route=%2Fwp%2Fv2%2Fproduct_cat&post=74641"},{"taxonomy":"product_tag","embeddable":true,"href":"https:\/\/www.deporteseli.com\/index.php?rest_route=%2Fwp%2Fv2%2Fproduct_tag&post=74641"}],"curies":[{"name":"wp","href":"https:\/\/api.w.org\/{rel}","templated":true}]}}