{"id":74618,"date":"2026-04-07T09:44:57","date_gmt":"2026-04-07T09:44:57","guid":{"rendered":"https:\/\/www.deporteseli.com\/?product=chandal-champion-307671-gs108"},"modified":"2026-04-07T09:45:00","modified_gmt":"2026-04-07T09:45:00","slug":"chandal-champion-307671-gs108","status":"publish","type":"product","link":"https:\/\/www.deporteseli.com\/?product=chandal-champion-307671-gs108","title":{"rendered":"CHANDAL CHAMPION 307671-GS108"},"content":{"rendered":"<p>Ch\u00e1ndal para beb\u00e9 dise\u00f1ado para ofrecer comodidad y practicidad en el d\u00eda a d\u00eda. El conjunto incluye una sudadera con capucha y cremallera completa y un pantal\u00f3n a juego, confeccionados en tejido ligero de mezcla de algod\u00f3n, ideal para entretiempo. El ajuste est\u00e1ndar garantiza comodidad y facilidad al vestir, perfecto para el juego, el descanso y las salidas diarias.  Ajuste Standard Fit \u2013 c\u00f3modo, de l\u00ednea regular  Tejido: Ultra Light Basic Terry  Composici\u00f3n: 55 % Algod\u00f3n, 45 % Poli\u00e9ster  Gramaje: 240 g\/m\u00b2  Sudadera con capucha y cremallera completa  Pantal\u00f3n con cintura el\u00e1stica  Interior no afelpado  Logo champion estampado                                                                                                                                                                                                                                                                                                                                                                                                                                                                                                                                                                                                                                                                                                                                                                                                                                                                                                                                                                                                                                        <\/p>\n","protected":false},"excerpt":{"rendered":"<p>CHANDAL CHAMPION 307671-GS108<\/p>\n","protected":false},"featured_media":74622,"template":"","meta":[],"product_brand":[],"product_cat":[298],"product_tag":[51],"class_list":{"0":"post-74618","1":"product","2":"type-product","3":"status-publish","4":"has-post-thumbnail","6":"product_cat-nino_textil_chandals","7":"product_tag-champion","8":"pa_color-unico","9":"pa_talla-103","10":"pa_talla-167","11":"pa_talla-168","12":"thunk-woo-product-list","13":"opn-qv-enable","14":"open-woo-hover-","15":"open-single-product-tab-horizontal","16":"open-shadow-","17":"open-shadow-hover-","19":"first","20":"instock","21":"shipping-taxable","22":"purchasable","23":"product-type-variable"},"jetpack_sharing_enabled":true,"_links":{"self":[{"href":"https:\/\/www.deporteseli.com\/index.php?rest_route=\/wp\/v2\/product\/74618","targetHints":{"allow":["GET"]}}],"collection":[{"href":"https:\/\/www.deporteseli.com\/index.php?rest_route=\/wp\/v2\/product"}],"about":[{"href":"https:\/\/www.deporteseli.com\/index.php?rest_route=\/wp\/v2\/types\/product"}],"wp:featuredmedia":[{"embeddable":true,"href":"https:\/\/www.deporteseli.com\/index.php?rest_route=\/wp\/v2\/media\/74622"}],"wp:attachment":[{"href":"https:\/\/www.deporteseli.com\/index.php?rest_route=%2Fwp%2Fv2%2Fmedia&parent=74618"}],"wp:term":[{"taxonomy":"product_brand","embeddable":true,"href":"https:\/\/www.deporteseli.com\/index.php?rest_route=%2Fwp%2Fv2%2Fproduct_brand&post=74618"},{"taxonomy":"product_cat","embeddable":true,"href":"https:\/\/www.deporteseli.com\/index.php?rest_route=%2Fwp%2Fv2%2Fproduct_cat&post=74618"},{"taxonomy":"product_tag","embeddable":true,"href":"https:\/\/www.deporteseli.com\/index.php?rest_route=%2Fwp%2Fv2%2Fproduct_tag&post=74618"}],"curies":[{"name":"wp","href":"https:\/\/api.w.org\/{rel}","templated":true}]}}