{"id":74484,"date":"2026-04-06T12:07:44","date_gmt":"2026-04-06T12:07:44","guid":{"rendered":"https:\/\/www.deporteseli.com\/?product=tenis-adidas-ji2265"},"modified":"2026-04-18T04:21:56","modified_gmt":"2026-04-18T04:21:56","slug":"tenis-adidas-ji2265","status":"publish","type":"product","link":"https:\/\/www.deporteseli.com\/?product=tenis-adidas-ji2265","title":{"rendered":"TENIS ADIDAS JI2265"},"content":{"rendered":"<p>Zapatillas inspiradas en el running y elaboradas parcialmente con materiales reciclados.  Deja que tus pies vuelen tanto como tu imaginaci\u00f3n. Con un dise\u00f1o retro inspirado en el running y una amortiguaci\u00f3n Cloudfoam ultrasuave, estas zapatillas adidas para j\u00f3venes te ofrecen comodidad tanto si vas corriendo a clase como si est\u00e1s explorando la ciudad. La suela de goma que no deja marcas garantiza una tracci\u00f3n \u00f3ptima para el d\u00eda a d\u00eda, mientras que el empeine de materiales mixtos aporta un estilo setentero inconfundible.    Este producto contiene al menos un 20 % de materiales reciclados. Al reutilizar materiales ya existentes, reducimos los residuos, nuestra dependencia de recursos limitados y la huella que generan los productos que fabricamos.                                                                                                                                                                                                                                                                                                                                                                                                                                                                                                                                                                                                                                                                                                                                                                                                                                                                                                                                                                                                                                        <\/p>\n","protected":false},"excerpt":{"rendered":"<p>TENIS ADIDAS JI2265<\/p>\n","protected":false},"featured_media":74490,"template":"","meta":[],"product_brand":[],"product_cat":[288],"product_tag":[18],"class_list":{"0":"post-74484","1":"product","2":"type-product","3":"status-publish","4":"has-post-thumbnail","6":"product_cat-mujer_calzado_paseo","7":"product_tag-adidas","8":"pa_color-unico","9":"pa_talla-141","10":"pa_talla-36-5","11":"pa_talla-37-5","12":"pa_talla-145","13":"pa_talla-38-5","14":"pa_talla-39-5","15":"pa_talla-149","16":"thunk-woo-product-list","17":"opn-qv-enable","18":"open-woo-hover-","19":"open-single-product-tab-horizontal","20":"open-shadow-","21":"open-shadow-hover-","23":"first","24":"instock","25":"shipping-taxable","26":"purchasable","27":"product-type-variable"},"jetpack_sharing_enabled":true,"_links":{"self":[{"href":"https:\/\/www.deporteseli.com\/index.php?rest_route=\/wp\/v2\/product\/74484","targetHints":{"allow":["GET"]}}],"collection":[{"href":"https:\/\/www.deporteseli.com\/index.php?rest_route=\/wp\/v2\/product"}],"about":[{"href":"https:\/\/www.deporteseli.com\/index.php?rest_route=\/wp\/v2\/types\/product"}],"wp:featuredmedia":[{"embeddable":true,"href":"https:\/\/www.deporteseli.com\/index.php?rest_route=\/wp\/v2\/media\/74490"}],"wp:attachment":[{"href":"https:\/\/www.deporteseli.com\/index.php?rest_route=%2Fwp%2Fv2%2Fmedia&parent=74484"}],"wp:term":[{"taxonomy":"product_brand","embeddable":true,"href":"https:\/\/www.deporteseli.com\/index.php?rest_route=%2Fwp%2Fv2%2Fproduct_brand&post=74484"},{"taxonomy":"product_cat","embeddable":true,"href":"https:\/\/www.deporteseli.com\/index.php?rest_route=%2Fwp%2Fv2%2Fproduct_cat&post=74484"},{"taxonomy":"product_tag","embeddable":true,"href":"https:\/\/www.deporteseli.com\/index.php?rest_route=%2Fwp%2Fv2%2Fproduct_tag&post=74484"}],"curies":[{"name":"wp","href":"https:\/\/api.w.org\/{rel}","templated":true}]}}