{"id":74458,"date":"2026-04-06T11:24:17","date_gmt":"2026-04-06T11:24:17","guid":{"rendered":"https:\/\/www.deporteseli.com\/?product=malla-reebok-100254386"},"modified":"2026-04-06T11:24:20","modified_gmt":"2026-04-06T11:24:20","slug":"malla-reebok-100254386","status":"publish","type":"product","link":"https:\/\/www.deporteseli.com\/?product=malla-reebok-100254386","title":{"rendered":"MALLA REEBOK 100254386"},"content":{"rendered":"<p>Est\u00edrate, ag\u00e1chate y domina tu entrenamiento con confianza.    Estas mallas de entrenamiento para mujer est\u00e1n confeccionadas en una mezcla suave de poli\u00e9ster reciclado, ofreciendo un ajuste de segunda piel que se mueve contigo.    El dise\u00f1o negro elegante incluye detalles sutiles fruncidos, aportando un look favorecedor y en\u00e9rgico que te mantiene enfocada desde la primera serie hasta el \u00faltimo estiramiento.                                                                                                                                                                                                                                                                                                                                                                                                                                                                                                                                                                                                                                                                                                                                                                                                                                                                                                                                                                                                                                        <\/p>\n","protected":false},"excerpt":{"rendered":"<p>MALLA REEBOK 100254386<\/p>\n","protected":false},"featured_media":74462,"template":"","meta":[],"product_brand":[],"product_cat":[281],"product_tag":[41],"class_list":{"0":"post-74458","1":"product","2":"type-product","3":"status-publish","4":"has-post-thumbnail","6":"product_cat-mujer_textil_mallas","7":"product_tag-reebok","8":"pa_color-unico","9":"pa_talla-l","10":"pa_talla-m","11":"pa_talla-s","12":"thunk-woo-product-list","13":"opn-qv-enable","14":"open-woo-hover-","15":"open-single-product-tab-horizontal","16":"open-shadow-","17":"open-shadow-hover-","19":"first","20":"instock","21":"shipping-taxable","22":"purchasable","23":"product-type-variable"},"jetpack_sharing_enabled":true,"_links":{"self":[{"href":"https:\/\/www.deporteseli.com\/index.php?rest_route=\/wp\/v2\/product\/74458","targetHints":{"allow":["GET"]}}],"collection":[{"href":"https:\/\/www.deporteseli.com\/index.php?rest_route=\/wp\/v2\/product"}],"about":[{"href":"https:\/\/www.deporteseli.com\/index.php?rest_route=\/wp\/v2\/types\/product"}],"wp:featuredmedia":[{"embeddable":true,"href":"https:\/\/www.deporteseli.com\/index.php?rest_route=\/wp\/v2\/media\/74462"}],"wp:attachment":[{"href":"https:\/\/www.deporteseli.com\/index.php?rest_route=%2Fwp%2Fv2%2Fmedia&parent=74458"}],"wp:term":[{"taxonomy":"product_brand","embeddable":true,"href":"https:\/\/www.deporteseli.com\/index.php?rest_route=%2Fwp%2Fv2%2Fproduct_brand&post=74458"},{"taxonomy":"product_cat","embeddable":true,"href":"https:\/\/www.deporteseli.com\/index.php?rest_route=%2Fwp%2Fv2%2Fproduct_cat&post=74458"},{"taxonomy":"product_tag","embeddable":true,"href":"https:\/\/www.deporteseli.com\/index.php?rest_route=%2Fwp%2Fv2%2Fproduct_tag&post=74458"}],"curies":[{"name":"wp","href":"https:\/\/api.w.org\/{rel}","templated":true}]}}