{"id":74452,"date":"2026-04-06T11:23:33","date_gmt":"2026-04-06T11:23:33","guid":{"rendered":"https:\/\/www.deporteseli.com\/?product=short-reebok-100254369"},"modified":"2026-04-06T11:23:35","modified_gmt":"2026-04-06T11:23:35","slug":"short-reebok-100254369","status":"publish","type":"product","link":"https:\/\/www.deporteseli.com\/?product=short-reebok-100254369","title":{"rendered":"SHORT REEBOK 100254369"},"content":{"rendered":"<p>Sube la intensidad de tu d\u00eda de piernas con un look que muestra tu progreso. La mezcla de poli\u00e9ster reciclado ofrece una sensaci\u00f3n ajustada, como una segunda piel, y un estiramiento que brinda soporte para sentadillas profundas. Sus detalles fruncidos y el acabado cl\u00e1sico en negro ofrecen un aspecto audaz y esculpido para el estudio.                                                                                                                                                                                                                                                                                                                                                                                                                                                                                                                                                                                                                                                                                                                                                                                                                                                                                                                                                                                                                                        <\/p>\n","protected":false},"excerpt":{"rendered":"<p>SHORT REEBOK 100254369<\/p>\n","protected":false},"featured_media":74455,"template":"","meta":[],"product_brand":[],"product_cat":[277],"product_tag":[41],"class_list":{"0":"post-74452","1":"product","2":"type-product","3":"status-publish","4":"has-post-thumbnail","6":"product_cat-mujer_textil_shorts","7":"product_tag-reebok","8":"pa_color-unico","9":"pa_talla-m","10":"pa_talla-s","11":"thunk-woo-product-list","12":"opn-qv-enable","13":"open-woo-hover-","14":"open-single-product-tab-horizontal","15":"open-shadow-","16":"open-shadow-hover-","18":"first","19":"instock","20":"shipping-taxable","21":"purchasable","22":"product-type-variable"},"jetpack_sharing_enabled":true,"_links":{"self":[{"href":"https:\/\/www.deporteseli.com\/index.php?rest_route=\/wp\/v2\/product\/74452","targetHints":{"allow":["GET"]}}],"collection":[{"href":"https:\/\/www.deporteseli.com\/index.php?rest_route=\/wp\/v2\/product"}],"about":[{"href":"https:\/\/www.deporteseli.com\/index.php?rest_route=\/wp\/v2\/types\/product"}],"wp:featuredmedia":[{"embeddable":true,"href":"https:\/\/www.deporteseli.com\/index.php?rest_route=\/wp\/v2\/media\/74455"}],"wp:attachment":[{"href":"https:\/\/www.deporteseli.com\/index.php?rest_route=%2Fwp%2Fv2%2Fmedia&parent=74452"}],"wp:term":[{"taxonomy":"product_brand","embeddable":true,"href":"https:\/\/www.deporteseli.com\/index.php?rest_route=%2Fwp%2Fv2%2Fproduct_brand&post=74452"},{"taxonomy":"product_cat","embeddable":true,"href":"https:\/\/www.deporteseli.com\/index.php?rest_route=%2Fwp%2Fv2%2Fproduct_cat&post=74452"},{"taxonomy":"product_tag","embeddable":true,"href":"https:\/\/www.deporteseli.com\/index.php?rest_route=%2Fwp%2Fv2%2Fproduct_tag&post=74452"}],"curies":[{"name":"wp","href":"https:\/\/api.w.org\/{rel}","templated":true}]}}