{"id":74433,"date":"2026-04-06T10:01:32","date_gmt":"2026-04-06T10:01:32","guid":{"rendered":"https:\/\/www.deporteseli.com\/?product=tenis-wilson-wrs337580u"},"modified":"2026-04-06T10:01:41","modified_gmt":"2026-04-06T10:01:41","slug":"tenis-wilson-wrs337580u","status":"publish","type":"product","link":"https:\/\/www.deporteseli.com\/?product=tenis-wilson-wrs337580u","title":{"rendered":"TENIS WILSON WRS337580U"},"content":{"rendered":"<p>Wilson zapatillas Rush Pro L ni\u00f1o  Las zapatillas Rush Pro L multipista proporcionan comodidad y estabilidad al jugador j\u00fanior a la vez que cuentan con una suela exterior duradera para todo tipo de superficies.    La parte superior est\u00e1 fabricada con una combinaci\u00f3n de malla suave para facilitar la ventilaci\u00f3n y la comodidad, y est\u00e1 rodeada por una capa sint\u00e9tica en la zona de la puntera que aporta mayor sujeci\u00f3n y protecci\u00f3n contra los arrastres.    La tecnolog\u00eda R-DST en la mediasuela proporciona una sensaci\u00f3n de comodidad, con la capacidad de respuesta necesaria para correr a toda velocidad por la pista.    El compuesto de goma Duralast forma un patr\u00f3n de espiga multidireccional que proporciona una tracci\u00f3n y durabilidad ideales en todo tipo de pistas.                                                                                                                                                                                                                                                                                                                                                                                                                                                                                                                                                                                                                                                                                                                                                                                                                                                                                                                                                                                                                                        <\/p>\n","protected":false},"excerpt":{"rendered":"<p>TENIS WILSON WRS337580U<\/p>\n","protected":false},"featured_media":74443,"template":"","meta":[],"product_brand":[],"product_cat":[371],"product_tag":[57],"class_list":{"0":"post-74433","1":"product","2":"type-product","3":"status-publish","4":"has-post-thumbnail","6":"product_cat-padel_y_tenis_calzado","7":"product_tag-wilson","8":"pa_color-unico","9":"pa_talla-32-5","10":"pa_talla-33-5","11":"pa_talla-34-5","12":"pa_talla-35-5","13":"pa_talla-141","14":"pa_talla-36-5","15":"pa_talla-37-5","16":"pa_talla-145","17":"pa_talla-38-5","18":"thunk-woo-product-list","19":"opn-qv-enable","20":"open-woo-hover-","21":"open-single-product-tab-horizontal","22":"open-shadow-","23":"open-shadow-hover-","25":"first","26":"instock","27":"shipping-taxable","28":"purchasable","29":"product-type-variable"},"jetpack_sharing_enabled":true,"_links":{"self":[{"href":"https:\/\/www.deporteseli.com\/index.php?rest_route=\/wp\/v2\/product\/74433","targetHints":{"allow":["GET"]}}],"collection":[{"href":"https:\/\/www.deporteseli.com\/index.php?rest_route=\/wp\/v2\/product"}],"about":[{"href":"https:\/\/www.deporteseli.com\/index.php?rest_route=\/wp\/v2\/types\/product"}],"wp:featuredmedia":[{"embeddable":true,"href":"https:\/\/www.deporteseli.com\/index.php?rest_route=\/wp\/v2\/media\/74443"}],"wp:attachment":[{"href":"https:\/\/www.deporteseli.com\/index.php?rest_route=%2Fwp%2Fv2%2Fmedia&parent=74433"}],"wp:term":[{"taxonomy":"product_brand","embeddable":true,"href":"https:\/\/www.deporteseli.com\/index.php?rest_route=%2Fwp%2Fv2%2Fproduct_brand&post=74433"},{"taxonomy":"product_cat","embeddable":true,"href":"https:\/\/www.deporteseli.com\/index.php?rest_route=%2Fwp%2Fv2%2Fproduct_cat&post=74433"},{"taxonomy":"product_tag","embeddable":true,"href":"https:\/\/www.deporteseli.com\/index.php?rest_route=%2Fwp%2Fv2%2Fproduct_tag&post=74433"}],"curies":[{"name":"wp","href":"https:\/\/api.w.org\/{rel}","templated":true}]}}