{"id":74426,"date":"2026-04-06T09:57:31","date_gmt":"2026-04-06T09:57:31","guid":{"rendered":"https:\/\/www.deporteseli.com\/?product=camisa-adidas-ka0229"},"modified":"2026-04-06T09:57:35","modified_gmt":"2026-04-06T09:57:35","slug":"camisa-adidas-ka0229","status":"publish","type":"product","link":"https:\/\/www.deporteseli.com\/?product=camisa-adidas-ka0229","title":{"rendered":"CAMISA ADIDAS KA0229"},"content":{"rendered":"<p>Playera de corte cl\u00e1sico con tecnolog\u00eda Climacool para tener un rendimiento sin distracciones.  La Playera de Running adi365 Essentials est\u00e1 dise\u00f1ada para quienes reconocen la alegr\u00eda de correr. Hecha pensando en la sencillez y comodidad, ofrece un ajuste moderno que satisface tanto a principiantes como a atletas experimentados.    Sus materiales suaves y ligeros brindan comodidad durante toda la carrera. Con tecnolog\u00eda Climacool, evapora y dispersa el sudor para mantenerte fresco, seco y concentrado en tu carrera.    El logo de dise\u00f1o reflectante a\u00f1ade un toque de estilo a la prenda. Con soluciones de almacenamiento inteligentes y una cinta en el cuello con el logo adidas, combina funcionalidad con moda.    Disfruta del movimiento sin restricciones con las l\u00edneas de dise\u00f1o formotion\u00ae que te permiten correr con facilidad y seguridad. Para explorar nuevos senderos o correr por tus rutas favoritas, esta opci\u00f3n es sin\u00f3nimo de rendimiento y estilo.  Corte cl\u00e1sico  Cuello redondo  100% poli\u00e9ster (100% reciclado)  Largo cl\u00e1sico  Tecnolog\u00eda CLIMACOOL  Logo reflectante de rendimiento  L\u00edneas de dise\u00f1o FORMOTION\u00ae  Color del art\u00edculo: Clear Pink  N\u00famero de art\u00edculo: KA0229                                                                                                                                                                                                                                                                                                                                                                                                                                                                                                                                                                                                                                                                                                                                                                                                                                                                                                                                                                                                                                        <\/p>\n","protected":false},"excerpt":{"rendered":"<p>CAMISA ADIDAS KA0229<\/p>\n","protected":false},"featured_media":74431,"template":"","meta":[],"product_brand":[],"product_cat":[269],"product_tag":[18],"class_list":{"0":"post-74426","1":"product","2":"type-product","3":"status-publish","4":"has-post-thumbnail","6":"product_cat-mujer_textil_camisetas","7":"product_tag-adidas","8":"pa_color-unico","9":"pa_talla-l","10":"pa_talla-m","11":"pa_talla-s","12":"pa_talla-xl","13":"thunk-woo-product-list","14":"opn-qv-enable","15":"open-woo-hover-","16":"open-single-product-tab-horizontal","17":"open-shadow-","18":"open-shadow-hover-","20":"first","21":"instock","22":"shipping-taxable","23":"purchasable","24":"product-type-variable"},"jetpack_sharing_enabled":true,"_links":{"self":[{"href":"https:\/\/www.deporteseli.com\/index.php?rest_route=\/wp\/v2\/product\/74426","targetHints":{"allow":["GET"]}}],"collection":[{"href":"https:\/\/www.deporteseli.com\/index.php?rest_route=\/wp\/v2\/product"}],"about":[{"href":"https:\/\/www.deporteseli.com\/index.php?rest_route=\/wp\/v2\/types\/product"}],"wp:featuredmedia":[{"embeddable":true,"href":"https:\/\/www.deporteseli.com\/index.php?rest_route=\/wp\/v2\/media\/74431"}],"wp:attachment":[{"href":"https:\/\/www.deporteseli.com\/index.php?rest_route=%2Fwp%2Fv2%2Fmedia&parent=74426"}],"wp:term":[{"taxonomy":"product_brand","embeddable":true,"href":"https:\/\/www.deporteseli.com\/index.php?rest_route=%2Fwp%2Fv2%2Fproduct_brand&post=74426"},{"taxonomy":"product_cat","embeddable":true,"href":"https:\/\/www.deporteseli.com\/index.php?rest_route=%2Fwp%2Fv2%2Fproduct_cat&post=74426"},{"taxonomy":"product_tag","embeddable":true,"href":"https:\/\/www.deporteseli.com\/index.php?rest_route=%2Fwp%2Fv2%2Fproduct_tag&post=74426"}],"curies":[{"name":"wp","href":"https:\/\/api.w.org\/{rel}","templated":true}]}}