{"id":74420,"date":"2026-04-06T09:57:13","date_gmt":"2026-04-06T09:57:13","guid":{"rendered":"https:\/\/www.deporteseli.com\/?product=polo-adidas-jz6662"},"modified":"2026-04-06T09:57:16","modified_gmt":"2026-04-06T09:57:16","slug":"polo-adidas-jz6662","status":"publish","type":"product","link":"https:\/\/www.deporteseli.com\/?product=polo-adidas-jz6662","title":{"rendered":"POLO ADIDAS JZ6662"},"content":{"rendered":"<p>Sal de la cancha y disfruta de la comodidad con el Polo Entrada26, un b\u00e1sico para cualquier aficionado al f\u00fatbol. Ya sea para relajarte despu\u00e9s de un partido intenso o simplemente para lucir tu pasi\u00f3n por este deporte, este polo se adapta perfectamente tanto al campo como a tus salidas informales. Confeccionado en tejido piqu\u00e9, ofrece un tacto suave y un corte regular para una total libertad de movimiento.  El polo Entrada26 incorpora la tecnolog\u00eda CLIMACOOL, que te mantiene fresco y seco gracias a su eficaz sistema de evacuaci\u00f3n del sudor. Esto lo convierte en la opci\u00f3n ideal para calentar o para tardes relajadas. El cl\u00e1sico cuello abotonado le aporta un toque de sofisticaci\u00f3n, complementado por el logotipo bordado de adidas que simboliza tu conexi\u00f3n con la marca.  Disponible en tallas grandes, el polo Entrada26 se adapta a diferentes tipos de cuerpo, lo que lo hace ideal para todos los amantes del f\u00fatbol. Tanto si eres un jugador entregado como un aficionado apasionado, este polo celebra el esp\u00edritu del f\u00fatbol y te permite expresar tu personalidad con estilo.                                                                                                                                                                                                                                                                                                                                                                                                                                                                                                                                                                                                                                                                                                                                                                                                                                                                                                                                                                                                                                        <\/p>\n","protected":false},"excerpt":{"rendered":"<p>POLO ADIDAS JZ6662<\/p>\n","protected":false},"featured_media":74424,"template":"","meta":[],"product_brand":[],"product_cat":[245],"product_tag":[18],"class_list":{"0":"post-74420","1":"product","2":"type-product","3":"status-publish","4":"has-post-thumbnail","6":"product_cat-hombre_textil_camisetas","7":"product_tag-adidas","8":"pa_color-unico","9":"pa_talla-l","10":"pa_talla-m","11":"pa_talla-xl","12":"thunk-woo-product-list","13":"opn-qv-enable","14":"open-woo-hover-","15":"open-single-product-tab-horizontal","16":"open-shadow-","17":"open-shadow-hover-","19":"first","20":"instock","21":"shipping-taxable","22":"purchasable","23":"product-type-variable"},"jetpack_sharing_enabled":true,"_links":{"self":[{"href":"https:\/\/www.deporteseli.com\/index.php?rest_route=\/wp\/v2\/product\/74420","targetHints":{"allow":["GET"]}}],"collection":[{"href":"https:\/\/www.deporteseli.com\/index.php?rest_route=\/wp\/v2\/product"}],"about":[{"href":"https:\/\/www.deporteseli.com\/index.php?rest_route=\/wp\/v2\/types\/product"}],"wp:featuredmedia":[{"embeddable":true,"href":"https:\/\/www.deporteseli.com\/index.php?rest_route=\/wp\/v2\/media\/74424"}],"wp:attachment":[{"href":"https:\/\/www.deporteseli.com\/index.php?rest_route=%2Fwp%2Fv2%2Fmedia&parent=74420"}],"wp:term":[{"taxonomy":"product_brand","embeddable":true,"href":"https:\/\/www.deporteseli.com\/index.php?rest_route=%2Fwp%2Fv2%2Fproduct_brand&post=74420"},{"taxonomy":"product_cat","embeddable":true,"href":"https:\/\/www.deporteseli.com\/index.php?rest_route=%2Fwp%2Fv2%2Fproduct_cat&post=74420"},{"taxonomy":"product_tag","embeddable":true,"href":"https:\/\/www.deporteseli.com\/index.php?rest_route=%2Fwp%2Fv2%2Fproduct_tag&post=74420"}],"curies":[{"name":"wp","href":"https:\/\/api.w.org\/{rel}","templated":true}]}}