{"id":74413,"date":"2026-04-06T09:56:53","date_gmt":"2026-04-06T09:56:53","guid":{"rendered":"https:\/\/www.deporteseli.com\/?product=calcetines-adidas-kc9613"},"modified":"2026-04-22T04:18:35","modified_gmt":"2026-04-22T04:18:35","slug":"calcetines-adidas-kc9613","status":"publish","type":"product","link":"https:\/\/www.deporteseli.com\/?product=calcetines-adidas-kc9613","title":{"rendered":"CALCETINES ADIDAS KC9613"},"content":{"rendered":"<p>Ajuste y comodidad  Calcetines tobilleros THIN&amp;LIGHT SPORTSWEAR (3 PARES). Lucen la est\u00e9tica cl\u00e1sica de adidas que complementa cualquier atuendo deportivo.    Su dise\u00f1o ligero de tejido fino consigue que apenas te des cuenta de que los llevas puestos. Integran un refuerzo en el arco plantar que maximiza la comodidad y el ajuste.    El paquete incluye tres pares para que tengas diferentes opciones a lo largo de la semana. Cuenta con ellos para cualquier plan, ya sea deportivo o informal.  Largo hasta el tobillo  54% algod\u00f3n \/ 43% poli\u00e9ster (100% reciclado) \/ 2% elastano \/ 1% PA6 (100% reciclado)  Dise\u00f1o ligero  Tres pares por paquete  Refuerzo en el arco plantar  Color del art\u00edculo: Black \/ Black \/ White  N\u00famero de art\u00edculo: KC9613                                                                                                                                                                                                                                                                                                                                                                                                                                                                                                                                                                                                                                                                                                                                                                                                                                                                                                                                                                                                                                        <\/p>\n","protected":false},"excerpt":{"rendered":"<p>CALCETINES ADIDAS KC9613<\/p>\n","protected":false},"featured_media":74417,"template":"","meta":[],"product_brand":[],"product_cat":[400],"product_tag":[18],"class_list":{"0":"post-74413","1":"product","2":"type-product","3":"status-publish","4":"has-post-thumbnail","6":"product_cat-accesorios_calcetines","7":"product_tag-adidas","8":"pa_color-unico","9":"pa_talla-l","10":"pa_talla-m","11":"pa_talla-s","12":"thunk-woo-product-list","13":"opn-qv-enable","14":"open-woo-hover-","15":"open-single-product-tab-horizontal","16":"open-shadow-","17":"open-shadow-hover-","19":"first","20":"instock","21":"shipping-taxable","22":"purchasable","23":"product-type-variable"},"jetpack_sharing_enabled":true,"_links":{"self":[{"href":"https:\/\/www.deporteseli.com\/index.php?rest_route=\/wp\/v2\/product\/74413","targetHints":{"allow":["GET"]}}],"collection":[{"href":"https:\/\/www.deporteseli.com\/index.php?rest_route=\/wp\/v2\/product"}],"about":[{"href":"https:\/\/www.deporteseli.com\/index.php?rest_route=\/wp\/v2\/types\/product"}],"wp:featuredmedia":[{"embeddable":true,"href":"https:\/\/www.deporteseli.com\/index.php?rest_route=\/wp\/v2\/media\/74417"}],"wp:attachment":[{"href":"https:\/\/www.deporteseli.com\/index.php?rest_route=%2Fwp%2Fv2%2Fmedia&parent=74413"}],"wp:term":[{"taxonomy":"product_brand","embeddable":true,"href":"https:\/\/www.deporteseli.com\/index.php?rest_route=%2Fwp%2Fv2%2Fproduct_brand&post=74413"},{"taxonomy":"product_cat","embeddable":true,"href":"https:\/\/www.deporteseli.com\/index.php?rest_route=%2Fwp%2Fv2%2Fproduct_cat&post=74413"},{"taxonomy":"product_tag","embeddable":true,"href":"https:\/\/www.deporteseli.com\/index.php?rest_route=%2Fwp%2Fv2%2Fproduct_tag&post=74413"}],"curies":[{"name":"wp","href":"https:\/\/api.w.org\/{rel}","templated":true}]}}