{"id":74356,"date":"2026-04-06T09:38:18","date_gmt":"2026-04-06T09:38:18","guid":{"rendered":"https:\/\/www.deporteseli.com\/?product=tenis-asics-1041a465-402"},"modified":"2026-04-06T09:38:25","modified_gmt":"2026-04-06T09:38:25","slug":"tenis-asics-1041a465-402","status":"publish","type":"product","link":"https:\/\/www.deporteseli.com\/?product=tenis-asics-1041a465-402","title":{"rendered":"TENIS ASICS 1041A465-402"},"content":{"rendered":"<p>La zapatilla de tenis SOLUTION SWIFT FF 2 presenta un dise\u00f1o que ofrece mayor velocidad y flexibilidad para que sientas la m\u00e1xima energ\u00eda en pistas de tierra batida. Es la opci\u00f3n ideal para jugadores que se mueven por toda la pista y que buscan una zapatilla r\u00e1pida y flexible.    La tecnolog\u00eda ligera SPEEDTRUSS en la zapatilla acelera los movimientos hacia delante. Hemos a\u00f1adido una nueva suela PRECISION-SOLE de dos piezas para ofrecer una sensaci\u00f3n m\u00e1s ligera y flexible. Tambi\u00e9n hemos incluido nuestra tecnolog\u00eda FLYTEFOAM ligera para favorecer un juego de pies r\u00e1pido.    \u00bfC\u00f3mo consigue la zapatilla SOLUTION SWIFT FF 2 aumentar la flexibilidad y agilizar los movimientos?    La tecnolog\u00eda SPEEDTRUSS es ligera y acelera los movimientos hacia delante.  La nueva suela PRECISION-SOLE garantiza la mejor combinaci\u00f3n de agarre y flexibilidad, lo que te ayuda a moverte con facilidad por toda la pista.  La tecnolog\u00eda FLYTEFOAM en la mediasuela aligera el peso de la zapatilla para permitir movimientos m\u00e1s r\u00e1pidos y fluidos.  \u00bfPor qu\u00e9 otras cualidades es la zapatilla SOLUTION SWIFT FF 2 una gran opci\u00f3n?    El dise\u00f1o de esta zapatilla se centra en la flexibilidad y la velocidad. Hemos dedicado horas a probarla y perfeccionarla en nuestro Institute of Sport Science (ISS) en Jap\u00f3n. La zapatilla de tenis SOLUTION SWIFT FF 2 incluye m\u00e1s caracter\u00edsticas para ayudarte en tus partidos. Puedes consultarlas en la secci\u00f3n  Caracter\u00edsticas t\u00e9cnicas .                                                                                                                                                                                                                                                                                                                                                                                                                                                                                                                                                                                                                                                                                                                                                                                                                                                                                                                                                                                                                                        <\/p>\n","protected":false},"excerpt":{"rendered":"<p>TENIS ASICS 1041A465-402<\/p>\n","protected":false},"featured_media":74365,"template":"","meta":[],"product_brand":[],"product_cat":[371],"product_tag":[19],"class_list":{"0":"post-74356","1":"product","2":"type-product","3":"status-publish","4":"has-post-thumbnail","6":"product_cat-padel_y_tenis_calzado","7":"product_tag-asics","8":"pa_color-unico","9":"pa_talla-41-5","10":"pa_talla-153","11":"pa_talla-42-5","12":"pa_talla-43-5","13":"pa_talla-157","14":"pa_talla-44-5","15":"pa_talla-159","16":"pa_talla-161","17":"thunk-woo-product-list","18":"opn-qv-enable","19":"open-woo-hover-","20":"open-single-product-tab-horizontal","21":"open-shadow-","22":"open-shadow-hover-","24":"first","25":"instock","26":"sale","27":"shipping-taxable","28":"purchasable","29":"product-type-variable"},"jetpack_sharing_enabled":true,"_links":{"self":[{"href":"https:\/\/www.deporteseli.com\/index.php?rest_route=\/wp\/v2\/product\/74356","targetHints":{"allow":["GET"]}}],"collection":[{"href":"https:\/\/www.deporteseli.com\/index.php?rest_route=\/wp\/v2\/product"}],"about":[{"href":"https:\/\/www.deporteseli.com\/index.php?rest_route=\/wp\/v2\/types\/product"}],"wp:featuredmedia":[{"embeddable":true,"href":"https:\/\/www.deporteseli.com\/index.php?rest_route=\/wp\/v2\/media\/74365"}],"wp:attachment":[{"href":"https:\/\/www.deporteseli.com\/index.php?rest_route=%2Fwp%2Fv2%2Fmedia&parent=74356"}],"wp:term":[{"taxonomy":"product_brand","embeddable":true,"href":"https:\/\/www.deporteseli.com\/index.php?rest_route=%2Fwp%2Fv2%2Fproduct_brand&post=74356"},{"taxonomy":"product_cat","embeddable":true,"href":"https:\/\/www.deporteseli.com\/index.php?rest_route=%2Fwp%2Fv2%2Fproduct_cat&post=74356"},{"taxonomy":"product_tag","embeddable":true,"href":"https:\/\/www.deporteseli.com\/index.php?rest_route=%2Fwp%2Fv2%2Fproduct_tag&post=74356"}],"curies":[{"name":"wp","href":"https:\/\/api.w.org\/{rel}","templated":true}]}}