{"id":74331,"date":"2026-04-06T09:37:16","date_gmt":"2026-04-06T09:37:16","guid":{"rendered":"https:\/\/www.deporteseli.com\/?product=tenis-asics-1014a337-411"},"modified":"2026-04-06T09:37:22","modified_gmt":"2026-04-06T09:37:22","slug":"tenis-asics-1014a337-411","status":"publish","type":"product","link":"https:\/\/www.deporteseli.com\/?product=tenis-asics-1014a337-411","title":{"rendered":"TENIS ASICS 1014A337-411"},"content":{"rendered":"<p>El zapato CONTEND\u2122 9 GS (escolar) est\u00e1 dise\u00f1ado para pies de ni\u00f1os. Detalles como el refuerzo en la puntera, las costuras de goma en la puntera y la suela de goma s\u00f3lida aumentan la durabilidad y prolongan la vida \u00fatil del zapato.      El refuerzo de la puntera, la costura de goma en la puntera y la suela de goma maciza mejoran la durabilidad.  Al menos el 20% del material superior principal del calzado est\u00e1 fabricado con contenido reciclado para reducir los desechos y las emisiones de carbono.  La plantilla se produce con el proceso de te\u00f1ido en soluci\u00f3n que reduce el uso de agua en aproximadamente un 33% y las emisiones de carbono en aproximadamente un 45% en comparaci\u00f3n con la tecnolog\u00eda de te\u00f1ido convencional.                                                                                                                                                                                                                                                                                                                                                                                                                                                                                                                                                                                                                                                                                                                                                                                                                                                                                                                                                                                                                                        <\/p>\n","protected":false},"excerpt":{"rendered":"<p>TENIS ASICS 1014A337-411<\/p>\n","protected":false},"featured_media":74339,"template":"","meta":[],"product_brand":[],"product_cat":[308],"product_tag":[19],"class_list":{"0":"post-74331","1":"product","2":"type-product","3":"status-publish","4":"has-post-thumbnail","6":"product_cat-nino_calzado_running","7":"product_tag-asics","8":"pa_color-unico","9":"pa_talla-139","10":"pa_talla-35-5","11":"pa_talla-141","12":"pa_talla-37-5","13":"pa_talla-145","14":"pa_talla-147","15":"pa_talla-39-5","16":"thunk-woo-product-list","17":"opn-qv-enable","18":"open-woo-hover-","19":"open-single-product-tab-horizontal","20":"open-shadow-","21":"open-shadow-hover-","23":"first","24":"instock","25":"shipping-taxable","26":"purchasable","27":"product-type-variable"},"jetpack_sharing_enabled":true,"_links":{"self":[{"href":"https:\/\/www.deporteseli.com\/index.php?rest_route=\/wp\/v2\/product\/74331","targetHints":{"allow":["GET"]}}],"collection":[{"href":"https:\/\/www.deporteseli.com\/index.php?rest_route=\/wp\/v2\/product"}],"about":[{"href":"https:\/\/www.deporteseli.com\/index.php?rest_route=\/wp\/v2\/types\/product"}],"wp:featuredmedia":[{"embeddable":true,"href":"https:\/\/www.deporteseli.com\/index.php?rest_route=\/wp\/v2\/media\/74339"}],"wp:attachment":[{"href":"https:\/\/www.deporteseli.com\/index.php?rest_route=%2Fwp%2Fv2%2Fmedia&parent=74331"}],"wp:term":[{"taxonomy":"product_brand","embeddable":true,"href":"https:\/\/www.deporteseli.com\/index.php?rest_route=%2Fwp%2Fv2%2Fproduct_brand&post=74331"},{"taxonomy":"product_cat","embeddable":true,"href":"https:\/\/www.deporteseli.com\/index.php?rest_route=%2Fwp%2Fv2%2Fproduct_cat&post=74331"},{"taxonomy":"product_tag","embeddable":true,"href":"https:\/\/www.deporteseli.com\/index.php?rest_route=%2Fwp%2Fv2%2Fproduct_tag&post=74331"}],"curies":[{"name":"wp","href":"https:\/\/api.w.org\/{rel}","templated":true}]}}