{"id":74280,"date":"2026-04-06T09:35:36","date_gmt":"2026-04-06T09:35:36","guid":{"rendered":"https:\/\/www.deporteseli.com\/?product=tenis-asics-1044a080-402"},"modified":"2026-04-19T04:17:59","modified_gmt":"2026-04-19T04:17:59","slug":"tenis-asics-1044a080-402","status":"publish","type":"product","link":"https:\/\/www.deporteseli.com\/?product=tenis-asics-1044a080-402","title":{"rendered":"TENIS ASICS 1044A080-402"},"content":{"rendered":"<p>Las zapatillas GEL-RESOLUTION X GS (Grade School) CLAY crean una estabilidad avanzada para los j\u00f3venes tenistas.?    Hemos utilizado una horma espec\u00edfica para ni\u00f1os que ofrece un ajuste m\u00e1s c\u00f3modo a la vez que se adapta c\u00f3modamente a los pies en crecimiento.?    La tecnolog\u00eda GEL en la parte posterior del pie ayuda a proporcionar una mayor absorci\u00f3n de impactos y una comodidad \u00f3ptima en la pista.?    Por \u00faltimo, los surcos flexibles de la amplia suela contribuyen a que las zapatillas transmitan una sensaci\u00f3n m\u00e1s natural al realizar transiciones r\u00e1pidas o cambiar de direcci\u00f3n.                                                                                                                                                                                                                                                                                                                                                                                                                                                                                                                                                                                                                                                                                                                                                                                                                                                                                                                                                                                                                                        <\/p>\n","protected":false},"excerpt":{"rendered":"<p>TENIS ASICS 1044A080-402<\/p>\n","protected":false},"featured_media":74293,"template":"","meta":[],"product_brand":[],"product_cat":[371],"product_tag":[19],"class_list":{"0":"post-74280","1":"product","2":"type-product","3":"status-publish","4":"has-post-thumbnail","6":"product_cat-padel_y_tenis_calzado","7":"product_tag-asics","8":"pa_color-unico","9":"pa_talla-32-5","10":"pa_talla-33-5","11":"pa_talla-34-5","12":"pa_talla-139","13":"pa_talla-35-5","14":"pa_talla-141","15":"pa_talla-143","16":"pa_talla-37-5","17":"pa_talla-145","18":"pa_talla-147","19":"pa_talla-39-5","20":"pa_talla-149","21":"thunk-woo-product-list","22":"opn-qv-enable","23":"open-woo-hover-","24":"open-single-product-tab-horizontal","25":"open-shadow-","26":"open-shadow-hover-","28":"first","29":"instock","30":"shipping-taxable","31":"purchasable","32":"product-type-variable"},"jetpack_sharing_enabled":true,"_links":{"self":[{"href":"https:\/\/www.deporteseli.com\/index.php?rest_route=\/wp\/v2\/product\/74280","targetHints":{"allow":["GET"]}}],"collection":[{"href":"https:\/\/www.deporteseli.com\/index.php?rest_route=\/wp\/v2\/product"}],"about":[{"href":"https:\/\/www.deporteseli.com\/index.php?rest_route=\/wp\/v2\/types\/product"}],"wp:featuredmedia":[{"embeddable":true,"href":"https:\/\/www.deporteseli.com\/index.php?rest_route=\/wp\/v2\/media\/74293"}],"wp:attachment":[{"href":"https:\/\/www.deporteseli.com\/index.php?rest_route=%2Fwp%2Fv2%2Fmedia&parent=74280"}],"wp:term":[{"taxonomy":"product_brand","embeddable":true,"href":"https:\/\/www.deporteseli.com\/index.php?rest_route=%2Fwp%2Fv2%2Fproduct_brand&post=74280"},{"taxonomy":"product_cat","embeddable":true,"href":"https:\/\/www.deporteseli.com\/index.php?rest_route=%2Fwp%2Fv2%2Fproduct_cat&post=74280"},{"taxonomy":"product_tag","embeddable":true,"href":"https:\/\/www.deporteseli.com\/index.php?rest_route=%2Fwp%2Fv2%2Fproduct_tag&post=74280"}],"curies":[{"name":"wp","href":"https:\/\/api.w.org\/{rel}","templated":true}]}}