{"id":74266,"date":"2026-04-06T09:34:46","date_gmt":"2026-04-06T09:34:46","guid":{"rendered":"https:\/\/www.deporteseli.com\/?product=tenis-asics-1041a490-400"},"modified":"2026-04-06T09:34:54","modified_gmt":"2026-04-06T09:34:54","slug":"tenis-asics-1041a490-400","status":"publish","type":"product","link":"https:\/\/www.deporteseli.com\/?product=tenis-asics-1041a490-400","title":{"rendered":"TENIS ASICS 1041A490-400"},"content":{"rendered":"<p>Ligeras y flexibles, las zapatillas de tenis GEL-GAME FF CLAY\/OC son un modelo multifuncional para jugadores de todo tipo de pistas. Esta temporada nos hemos centrado en mejorar la ventilaci\u00f3n y la flexibilidad de esta zapatilla, manteniendo sus excelentes propiedades de sujeci\u00f3n.    Con un dise\u00f1o de malla abierta en la parte superior para mejorar el flujo de aire y mantener los pies frescos, esta zapatilla se complementa con revestimientos de cuero sint\u00e9tico y una capa de PU (poliuretano) que aportan una mayor estabilidad al realizar transiciones bruscas.    Con un dise\u00f1o de malla abierta en la parte superior para mejorar el flujo de aire y mantener los pies frescos, esta zapatilla se complementa con revestimientos de cuero sint\u00e9tico y una capa de PU (poliuretano) que aportan una mayor estabilidad al realizar transiciones bruscas. A su vez, la tecnolog\u00eda FLYTEFOAM de la mediasuela ayuda a proporcionar una amortiguaci\u00f3n ligera.                                                                                                                                                                                                                                                                                                                                                                                                                                                                                                                                                                                                                                                                                                                                                                                                                                                                                                                                                                                                                                        <\/p>\n","protected":false},"excerpt":{"rendered":"<p>TENIS ASICS 1041A490-400<\/p>\n","protected":false},"featured_media":74275,"template":"","meta":[],"product_brand":[],"product_cat":[371],"product_tag":[19],"class_list":{"0":"post-74266","1":"product","2":"type-product","3":"status-publish","4":"has-post-thumbnail","6":"product_cat-padel_y_tenis_calzado","7":"product_tag-asics","8":"pa_color-unico","9":"pa_talla-41-5","10":"pa_talla-153","11":"pa_talla-42-5","12":"pa_talla-43-5","13":"pa_talla-157","14":"pa_talla-44-5","15":"pa_talla-159","16":"pa_talla-161","17":"thunk-woo-product-list","18":"opn-qv-enable","19":"open-woo-hover-","20":"open-single-product-tab-horizontal","21":"open-shadow-","22":"open-shadow-hover-","24":"first","25":"instock","26":"shipping-taxable","27":"purchasable","28":"product-type-variable"},"jetpack_sharing_enabled":true,"_links":{"self":[{"href":"https:\/\/www.deporteseli.com\/index.php?rest_route=\/wp\/v2\/product\/74266","targetHints":{"allow":["GET"]}}],"collection":[{"href":"https:\/\/www.deporteseli.com\/index.php?rest_route=\/wp\/v2\/product"}],"about":[{"href":"https:\/\/www.deporteseli.com\/index.php?rest_route=\/wp\/v2\/types\/product"}],"wp:featuredmedia":[{"embeddable":true,"href":"https:\/\/www.deporteseli.com\/index.php?rest_route=\/wp\/v2\/media\/74275"}],"wp:attachment":[{"href":"https:\/\/www.deporteseli.com\/index.php?rest_route=%2Fwp%2Fv2%2Fmedia&parent=74266"}],"wp:term":[{"taxonomy":"product_brand","embeddable":true,"href":"https:\/\/www.deporteseli.com\/index.php?rest_route=%2Fwp%2Fv2%2Fproduct_brand&post=74266"},{"taxonomy":"product_cat","embeddable":true,"href":"https:\/\/www.deporteseli.com\/index.php?rest_route=%2Fwp%2Fv2%2Fproduct_cat&post=74266"},{"taxonomy":"product_tag","embeddable":true,"href":"https:\/\/www.deporteseli.com\/index.php?rest_route=%2Fwp%2Fv2%2Fproduct_tag&post=74266"}],"curies":[{"name":"wp","href":"https:\/\/api.w.org\/{rel}","templated":true}]}}