{"id":74257,"date":"2026-04-06T09:23:38","date_gmt":"2026-04-06T09:23:38","guid":{"rendered":"https:\/\/www.deporteseli.com\/?product=cholas-j-smith-powon-black"},"modified":"2026-04-06T09:23:44","modified_gmt":"2026-04-06T09:23:44","slug":"cholas-j-smith-powon-black","status":"publish","type":"product","link":"https:\/\/www.deporteseli.com\/?product=cholas-j-smith-powon-black","title":{"rendered":"CHOLAS J.SMITH POWON BLACK"},"content":{"rendered":"<p>Sandalia de dedo de estilo casual.    Es la opci\u00f3n perfecta para acompa\u00f1arte en los d\u00edas m\u00e1s relajados del verano. Ideal tanto para playa y piscina como para el uso urbano diario, combina comodidad y un dise\u00f1o vers\u00e1til que encaja con cualquier look veraniego. Destaca por su mediasuela de phylon extra blando tipo Footbed, con un efecto envolvente que mejora el ajuste y proporciona una sensaci\u00f3n de confort superior en cada paso. Adem\u00e1s, incorpora un pat\u00edn de EVA con dise\u00f1o en espiga, que aporta estabilidad y ligereza para que camines con total seguridad. Una sandalia c\u00f3moda, ligera y f\u00e1cil de combinar: perfecta para disfrutar del verano con estilo y m\u00e1ximo confort.                                                                                                                                                                                                                                                                                                                                                                                                                                                                                                                                                                                                                                                                                                                                                                                                                                                                                                                                                                                                                                        <\/p>\n","protected":false},"excerpt":{"rendered":"<p>CHOLAS J.SMITH POWON BLACK<\/p>\n","protected":false},"featured_media":74265,"template":"","meta":[],"product_brand":[],"product_cat":[265],"product_tag":[43],"class_list":{"0":"post-74257","1":"product","2":"type-product","3":"status-publish","4":"has-post-thumbnail","6":"product_cat-hombre_calzado_cholas","7":"product_tag-jhon_smith","8":"pa_color-unico","9":"pa_talla-149","10":"pa_talla-151","11":"pa_talla-153","12":"pa_talla-155","13":"pa_talla-157","14":"pa_talla-159","15":"pa_talla-161","16":"thunk-woo-product-list","17":"opn-qv-enable","18":"open-woo-hover-","19":"open-single-product-tab-horizontal","20":"open-shadow-","21":"open-shadow-hover-","23":"first","24":"instock","25":"shipping-taxable","26":"purchasable","27":"product-type-variable"},"jetpack_sharing_enabled":true,"_links":{"self":[{"href":"https:\/\/www.deporteseli.com\/index.php?rest_route=\/wp\/v2\/product\/74257","targetHints":{"allow":["GET"]}}],"collection":[{"href":"https:\/\/www.deporteseli.com\/index.php?rest_route=\/wp\/v2\/product"}],"about":[{"href":"https:\/\/www.deporteseli.com\/index.php?rest_route=\/wp\/v2\/types\/product"}],"wp:featuredmedia":[{"embeddable":true,"href":"https:\/\/www.deporteseli.com\/index.php?rest_route=\/wp\/v2\/media\/74265"}],"wp:attachment":[{"href":"https:\/\/www.deporteseli.com\/index.php?rest_route=%2Fwp%2Fv2%2Fmedia&parent=74257"}],"wp:term":[{"taxonomy":"product_brand","embeddable":true,"href":"https:\/\/www.deporteseli.com\/index.php?rest_route=%2Fwp%2Fv2%2Fproduct_brand&post=74257"},{"taxonomy":"product_cat","embeddable":true,"href":"https:\/\/www.deporteseli.com\/index.php?rest_route=%2Fwp%2Fv2%2Fproduct_cat&post=74257"},{"taxonomy":"product_tag","embeddable":true,"href":"https:\/\/www.deporteseli.com\/index.php?rest_route=%2Fwp%2Fv2%2Fproduct_tag&post=74257"}],"curies":[{"name":"wp","href":"https:\/\/api.w.org\/{rel}","templated":true}]}}