{"id":74218,"date":"2026-04-06T09:18:17","date_gmt":"2026-04-06T09:18:17","guid":{"rendered":"https:\/\/www.deporteseli.com\/?product=tenis-puma-312581-01"},"modified":"2026-04-06T09:18:24","modified_gmt":"2026-04-06T09:18:24","slug":"tenis-puma-312581-01","status":"publish","type":"product","link":"https:\/\/www.deporteseli.com\/?product=tenis-puma-312581-01","title":{"rendered":"TENIS PUMA 312581-01"},"content":{"rendered":"<p>CARACTER\u00cdSTICAS Y BENEFICIOS  SOFTFOAM : La plantilla c\u00f3moda de f\u00e1cil entrada est\u00e1 dise\u00f1ada para brindar una amortiguaci\u00f3n suave gracias a su tal\u00f3n extra grueso.  SOFTRIDE: Espuma suave dise\u00f1ada para brindar amortiguaci\u00f3n y comodidad durante todo el d\u00eda.  La parte superior de las zapatillas est\u00e1 fabricada con al menos un 30% de materiales reciclados.  DETALLES  Ancho: Regular  Tipo de puntera: Redondeada  Cierre: Cordones  Jaula de soporte  Tipo de tac\u00f3n: Plano  Tracci\u00f3n por zonas  Logotipo del gato de PUMA  Informaci\u00f3n del material  Entresuela: 100% sint\u00e9tico  Plantilla: 100% textil  Suela exterior: 100% caucho  Exterior: 78 % textil, 22 % sint\u00e9tico  Forro: 100% textil                                                                                                                                                                                                                                                                                                                                                                                                                                                                                                                                                                                                                                                                                                                                                                                                                                                                                                                                                                                                                                        <\/p>\n","protected":false},"excerpt":{"rendered":"<p>TENIS PUMA 312581-01<\/p>\n","protected":false},"featured_media":74226,"template":"","meta":[],"product_brand":[],"product_cat":[259],"product_tag":[32],"class_list":{"0":"post-74218","1":"product","2":"type-product","3":"status-publish","4":"has-post-thumbnail","6":"product_cat-hombre_calzado_running","7":"product_tag-puma","8":"pa_color-unico","9":"pa_talla-151","10":"pa_talla-153","11":"pa_talla-155","12":"pa_talla-157","13":"pa_talla-44-5","14":"pa_talla-159","15":"pa_talla-161","16":"thunk-woo-product-list","17":"opn-qv-enable","18":"open-woo-hover-","19":"open-single-product-tab-horizontal","20":"open-shadow-","21":"open-shadow-hover-","23":"first","24":"instock","25":"shipping-taxable","26":"purchasable","27":"product-type-variable"},"jetpack_sharing_enabled":true,"_links":{"self":[{"href":"https:\/\/www.deporteseli.com\/index.php?rest_route=\/wp\/v2\/product\/74218","targetHints":{"allow":["GET"]}}],"collection":[{"href":"https:\/\/www.deporteseli.com\/index.php?rest_route=\/wp\/v2\/product"}],"about":[{"href":"https:\/\/www.deporteseli.com\/index.php?rest_route=\/wp\/v2\/types\/product"}],"wp:featuredmedia":[{"embeddable":true,"href":"https:\/\/www.deporteseli.com\/index.php?rest_route=\/wp\/v2\/media\/74226"}],"wp:attachment":[{"href":"https:\/\/www.deporteseli.com\/index.php?rest_route=%2Fwp%2Fv2%2Fmedia&parent=74218"}],"wp:term":[{"taxonomy":"product_brand","embeddable":true,"href":"https:\/\/www.deporteseli.com\/index.php?rest_route=%2Fwp%2Fv2%2Fproduct_brand&post=74218"},{"taxonomy":"product_cat","embeddable":true,"href":"https:\/\/www.deporteseli.com\/index.php?rest_route=%2Fwp%2Fv2%2Fproduct_cat&post=74218"},{"taxonomy":"product_tag","embeddable":true,"href":"https:\/\/www.deporteseli.com\/index.php?rest_route=%2Fwp%2Fv2%2Fproduct_tag&post=74218"}],"curies":[{"name":"wp","href":"https:\/\/api.w.org\/{rel}","templated":true}]}}